{"id":328519,"date":"2024-03-01T18:17:50","date_gmt":"2024-03-01T17:17:50","guid":{"rendered":"https:\/\/gajostest.a2hosted.com\/eshop\/2xd2-protiporezove-rukavice\/"},"modified":"2026-04-15T21:09:12","modified_gmt":"2026-04-15T19:09:12","slug":"2xd2-protiporezove-rukavice","status":"publish","type":"product","link":"https:\/\/gajos.sk\/eshop\/p\/2xd2-protiporezove-rukavice\/","title":{"rendered":"2XD2 protiporezov\u00e9 rukavice"},"content":{"rendered":"","protected":false},"excerpt":{"rendered":"<p>\u0160peci\u00e1ln\u00ed rukavice na pr\u00e1cu s motorovou p\u00edlou. Certifikovan\u00e1 rukavica je len t\u00e1 \u013eav\u00e1 pod\u013ea normy EN381-7. Chrb\u00e1t rukavice v \u010dervenej farbe pre lep\u0161iu viditenos\u0165. Perfektne lad\u00ed ku kolekcii protiprerezov\u00fdch odevov SIOEN.<\/p>\n","protected":false},"featured_media":328521,"template":"","meta":{"_acf_changed":false,"inline_featured_image":false},"product_brand":[],"product_cat":[2175],"product_tag":[1238],"class_list":{"0":"post-328519","1":"product","2":"type-product","3":"status-publish","4":"has-post-thumbnail","6":"product_cat-produkty","7":"product_tag-sioen","8":"pa_velkost-3050","9":"pa_velkost-3051","10":"pa_velkost-3052","11":"pa_velkost-3054","12":"pa_velkost-3057","14":"first","15":"instock","16":"taxable","17":"shipping-taxable","18":"product-type-variable"},"acf":[],"_links":{"self":[{"href":"https:\/\/gajos.sk\/eshop\/wp-json\/wp\/v2\/product\/328519","targetHints":{"allow":["GET"]}}],"collection":[{"href":"https:\/\/gajos.sk\/eshop\/wp-json\/wp\/v2\/product"}],"about":[{"href":"https:\/\/gajos.sk\/eshop\/wp-json\/wp\/v2\/types\/product"}],"wp:featuredmedia":[{"embeddable":true,"href":"https:\/\/gajos.sk\/eshop\/wp-json\/wp\/v2\/media\/328521"}],"wp:attachment":[{"href":"https:\/\/gajos.sk\/eshop\/wp-json\/wp\/v2\/media?parent=328519"}],"wp:term":[{"taxonomy":"product_brand","embeddable":true,"href":"https:\/\/gajos.sk\/eshop\/wp-json\/wp\/v2\/product_brand?post=328519"},{"taxonomy":"product_cat","embeddable":true,"href":"https:\/\/gajos.sk\/eshop\/wp-json\/wp\/v2\/product_cat?post=328519"},{"taxonomy":"product_tag","embeddable":true,"href":"https:\/\/gajos.sk\/eshop\/wp-json\/wp\/v2\/product_tag?post=328519"}],"curies":[{"name":"wp","href":"https:\/\/api.w.org\/{rel}","templated":true}]}}