{"id":328507,"date":"2024-03-01T18:17:47","date_gmt":"2024-03-01T17:17:47","guid":{"rendered":"https:\/\/gajostest.a2hosted.com\/eshop\/ansell-28-329-nitrasafe\/"},"modified":"2026-04-25T21:08:46","modified_gmt":"2026-04-25T19:08:46","slug":"ansell-28-329-nitrasafe","status":"publish","type":"product","link":"https:\/\/gajos.sk\/eshop\/p\/ansell-28-329-nitrasafe\/","title":{"rendered":"ANSELL  28-329 NitraSafe"},"content":{"rendered":"","protected":false},"excerpt":{"rendered":"<p>Zes\u00edlen\u00e1 ochrana ruky d\u00edky Kevlar\u00ae spolu s pohodl\u00edm a pru\u017enost\u00ed<\/p>\n<p>    Bezpe\u010dn\u00e1 manipulace se siln\u011b zaolejovan\u00fdmi p\u0159edm\u011bty<br \/>\n    V\u00fdborn\u00e1 ochrana proti mechanick\u00fdm rizik\u016fm<br \/>\n    Perfektn\u00ed tlumen\u00ed p\u0159i pr\u00e1ci s t\u011b\u017ek\u00fdmi p\u0159edm\u011bty<\/p>\n","protected":false},"featured_media":328509,"template":"","meta":{"_acf_changed":false,"inline_featured_image":false},"product_brand":[],"product_cat":[2175],"product_tag":[1219],"class_list":{"0":"post-328507","1":"product","2":"type-product","3":"status-publish","4":"has-post-thumbnail","6":"product_cat-produkty","7":"product_tag-ansell","8":"pa_velkost-3051","9":"pa_velkost-3052","10":"pa_velkost-3057","12":"first","13":"instock","14":"taxable","15":"shipping-taxable","16":"purchasable","17":"product-type-variable"},"acf":[],"_links":{"self":[{"href":"https:\/\/gajos.sk\/eshop\/wp-json\/wp\/v2\/product\/328507","targetHints":{"allow":["GET"]}}],"collection":[{"href":"https:\/\/gajos.sk\/eshop\/wp-json\/wp\/v2\/product"}],"about":[{"href":"https:\/\/gajos.sk\/eshop\/wp-json\/wp\/v2\/types\/product"}],"wp:featuredmedia":[{"embeddable":true,"href":"https:\/\/gajos.sk\/eshop\/wp-json\/wp\/v2\/media\/328509"}],"wp:attachment":[{"href":"https:\/\/gajos.sk\/eshop\/wp-json\/wp\/v2\/media?parent=328507"}],"wp:term":[{"taxonomy":"product_brand","embeddable":true,"href":"https:\/\/gajos.sk\/eshop\/wp-json\/wp\/v2\/product_brand?post=328507"},{"taxonomy":"product_cat","embeddable":true,"href":"https:\/\/gajos.sk\/eshop\/wp-json\/wp\/v2\/product_cat?post=328507"},{"taxonomy":"product_tag","embeddable":true,"href":"https:\/\/gajos.sk\/eshop\/wp-json\/wp\/v2\/product_tag?post=328507"}],"curies":[{"name":"wp","href":"https:\/\/api.w.org\/{rel}","templated":true}]}}