{"id":328417,"date":"2024-03-01T18:15:53","date_gmt":"2024-03-01T17:15:53","guid":{"rendered":"https:\/\/gajostest.a2hosted.com\/eshop\/tb-9007-rukavice\/"},"modified":"2026-04-25T21:08:46","modified_gmt":"2026-04-25T19:08:46","slug":"tb-9007-rukavice","status":"publish","type":"product","link":"https:\/\/gajos.sk\/eshop\/p\/tb-9007-rukavice\/","title":{"rendered":"TB 9007 rukavice"},"content":{"rendered":"","protected":false},"excerpt":{"rendered":"<p>Modr\u00e1\/\u017elut\u00e1 dvoubarevn\u00e1 rukavice z p\u0159\u00edrodn\u00edho latexu.<br \/>\nTlou\u0161\u0165ka: 0,60 mm.<br \/>\nCelkov\u00e1 d\u00e9lka: 30 cm.<\/p>\n","protected":false},"featured_media":328419,"template":"","meta":{"_acf_changed":false,"inline_featured_image":false},"product_brand":[],"product_cat":[2124],"product_tag":[1253],"class_list":{"0":"post-328417","1":"product","2":"type-product","3":"status-publish","4":"has-post-thumbnail","6":"product_cat-rukavice","7":"product_tag-tomas-bodero","8":"pa_velkost-3051","9":"pa_velkost-3052","10":"pa_velkost-3057","11":"pa_velkost-3058","12":"pa_velkost-3062","14":"first","15":"instock","16":"taxable","17":"shipping-taxable","18":"product-type-variable"},"acf":[],"_links":{"self":[{"href":"https:\/\/gajos.sk\/eshop\/wp-json\/wp\/v2\/product\/328417","targetHints":{"allow":["GET"]}}],"collection":[{"href":"https:\/\/gajos.sk\/eshop\/wp-json\/wp\/v2\/product"}],"about":[{"href":"https:\/\/gajos.sk\/eshop\/wp-json\/wp\/v2\/types\/product"}],"wp:featuredmedia":[{"embeddable":true,"href":"https:\/\/gajos.sk\/eshop\/wp-json\/wp\/v2\/media\/328419"}],"wp:attachment":[{"href":"https:\/\/gajos.sk\/eshop\/wp-json\/wp\/v2\/media?parent=328417"}],"wp:term":[{"taxonomy":"product_brand","embeddable":true,"href":"https:\/\/gajos.sk\/eshop\/wp-json\/wp\/v2\/product_brand?post=328417"},{"taxonomy":"product_cat","embeddable":true,"href":"https:\/\/gajos.sk\/eshop\/wp-json\/wp\/v2\/product_cat?post=328417"},{"taxonomy":"product_tag","embeddable":true,"href":"https:\/\/gajos.sk\/eshop\/wp-json\/wp\/v2\/product_tag?post=328417"}],"curies":[{"name":"wp","href":"https:\/\/api.w.org\/{rel}","templated":true}]}}