{"id":328412,"date":"2024-03-01T18:15:53","date_gmt":"2024-03-01T17:15:53","guid":{"rendered":"https:\/\/gajostest.a2hosted.com\/eshop\/tb-668-chemcut-rukavice\/"},"modified":"2026-04-25T21:08:46","modified_gmt":"2026-04-25T19:08:46","slug":"tb-668-chemcut-rukavice","status":"publish","type":"product","link":"https:\/\/gajos.sk\/eshop\/p\/tb-668-chemcut-rukavice\/","title":{"rendered":"TB 668 CHEMCUT rukavice"},"content":{"rendered":"","protected":false},"excerpt":{"rendered":"<p>Zeleno-\u010dern\u00e1 PVC dvojit\u00e1 m\u00e1\u010den\u00e1 rukavice.<br \/>\nPod\u0161\u00edvka z para-aramidu a skeln\u00e9ho vl\u00e1kna.<br \/>\nCelkov\u00e1 d\u00e9lka: 30 cm.<\/p>\n","protected":false},"featured_media":328414,"template":"","meta":{"_acf_changed":false,"inline_featured_image":false},"product_brand":[],"product_cat":[2124],"product_tag":[1253],"class_list":{"0":"post-328412","1":"product","2":"type-product","3":"status-publish","4":"has-post-thumbnail","6":"product_cat-rukavice","7":"product_tag-tomas-bodero","8":"pa_velkost-3052","9":"pa_velkost-3057","10":"pa_velkost-3051","12":"first","13":"instock","14":"taxable","15":"shipping-taxable","16":"purchasable","17":"product-type-variable"},"acf":[],"_links":{"self":[{"href":"https:\/\/gajos.sk\/eshop\/wp-json\/wp\/v2\/product\/328412","targetHints":{"allow":["GET"]}}],"collection":[{"href":"https:\/\/gajos.sk\/eshop\/wp-json\/wp\/v2\/product"}],"about":[{"href":"https:\/\/gajos.sk\/eshop\/wp-json\/wp\/v2\/types\/product"}],"wp:featuredmedia":[{"embeddable":true,"href":"https:\/\/gajos.sk\/eshop\/wp-json\/wp\/v2\/media\/328414"}],"wp:attachment":[{"href":"https:\/\/gajos.sk\/eshop\/wp-json\/wp\/v2\/media?parent=328412"}],"wp:term":[{"taxonomy":"product_brand","embeddable":true,"href":"https:\/\/gajos.sk\/eshop\/wp-json\/wp\/v2\/product_brand?post=328412"},{"taxonomy":"product_cat","embeddable":true,"href":"https:\/\/gajos.sk\/eshop\/wp-json\/wp\/v2\/product_cat?post=328412"},{"taxonomy":"product_tag","embeddable":true,"href":"https:\/\/gajos.sk\/eshop\/wp-json\/wp\/v2\/product_tag?post=328412"}],"curies":[{"name":"wp","href":"https:\/\/api.w.org\/{rel}","templated":true}]}}