{"id":328398,"date":"2024-03-01T18:15:43","date_gmt":"2024-03-01T17:15:43","guid":{"rendered":"https:\/\/gajostest.a2hosted.com\/eshop\/tb-270-rukavice\/"},"modified":"2026-04-11T17:47:08","modified_gmt":"2026-04-11T15:47:08","slug":"tb-270-rukavice","status":"publish","type":"product","link":"https:\/\/gajos.sk\/eshop\/p\/tb-270-rukavice\/","title":{"rendered":"TB 270 rukavice"},"content":{"rendered":"","protected":false},"excerpt":{"rendered":"<p>Modr\u00e9 nitrilov\u00e9 dvojit\u00e9 m\u00e1\u010den\u00e9 rukavice.<br \/>\nBeze\u0161v\u00e1 b\u00edl\u00e1 nylonov\u00e1 vlo\u017eka.<br \/>\nCelkov\u00e1 d\u00e9lka: 30 cm.<\/p>\n","protected":false},"featured_media":328400,"template":"","meta":{"_acf_changed":false,"inline_featured_image":false},"product_brand":[],"product_cat":[2124],"product_tag":[1253],"class_list":{"0":"post-328398","1":"product","2":"type-product","3":"status-publish","4":"has-post-thumbnail","6":"product_cat-rukavice","7":"product_tag-tomas-bodero","8":"pa_velkost-3058","9":"pa_velkost-3050","10":"pa_velkost-3051","11":"pa_velkost-3052","12":"pa_velkost-3057","14":"first","15":"instock","16":"taxable","17":"shipping-taxable","18":"product-type-variable"},"acf":[],"_links":{"self":[{"href":"https:\/\/gajos.sk\/eshop\/wp-json\/wp\/v2\/product\/328398","targetHints":{"allow":["GET"]}}],"collection":[{"href":"https:\/\/gajos.sk\/eshop\/wp-json\/wp\/v2\/product"}],"about":[{"href":"https:\/\/gajos.sk\/eshop\/wp-json\/wp\/v2\/types\/product"}],"wp:featuredmedia":[{"embeddable":true,"href":"https:\/\/gajos.sk\/eshop\/wp-json\/wp\/v2\/media\/328400"}],"wp:attachment":[{"href":"https:\/\/gajos.sk\/eshop\/wp-json\/wp\/v2\/media?parent=328398"}],"wp:term":[{"taxonomy":"product_brand","embeddable":true,"href":"https:\/\/gajos.sk\/eshop\/wp-json\/wp\/v2\/product_brand?post=328398"},{"taxonomy":"product_cat","embeddable":true,"href":"https:\/\/gajos.sk\/eshop\/wp-json\/wp\/v2\/product_cat?post=328398"},{"taxonomy":"product_tag","embeddable":true,"href":"https:\/\/gajos.sk\/eshop\/wp-json\/wp\/v2\/product_tag?post=328398"}],"curies":[{"name":"wp","href":"https:\/\/api.w.org\/{rel}","templated":true}]}}