{"id":328391,"date":"2024-03-01T18:15:38","date_gmt":"2024-03-01T17:15:38","guid":{"rendered":"https:\/\/gajostest.a2hosted.com\/eshop\/tb-666-long-rukavice\/"},"modified":"2026-04-25T21:08:46","modified_gmt":"2026-04-25T19:08:46","slug":"tb-666-long-rukavice","status":"publish","type":"product","link":"https:\/\/gajos.sk\/eshop\/p\/tb-666-long-rukavice\/","title":{"rendered":"TB 666 LONG rukavice"},"content":{"rendered":"","protected":false},"excerpt":{"rendered":"<p>Modr\u00e1 PVC trojit\u00e1 m\u00e1\u010den\u00e1 rukavice.<br \/>\nBeze\u0161v\u00e1 bavln\u011bn\u00e1 vlo\u017eka.<br \/>\nTlou\u0161\u0165ka: 1,5 mm.<br \/>\nCelkov\u00e1 d\u00e9lka: 62 cm.<br \/>\nOdoln\u00e9 v\u016f\u010di ropn\u00fdm deriv\u00e1t\u016fm a hydroxidu sodn\u00e9mu.<\/p>\n","protected":false},"featured_media":328393,"template":"","meta":{"_acf_changed":false,"inline_featured_image":false},"product_brand":[],"product_cat":[2124],"product_tag":[1253],"class_list":{"0":"post-328391","1":"product","2":"type-product","3":"status-publish","4":"has-post-thumbnail","6":"product_cat-rukavice","7":"product_tag-tomas-bodero","8":"pa_velkost-3058","9":"pa_velkost-3050","10":"pa_velkost-3051","11":"pa_velkost-3052","12":"pa_velkost-3057","14":"first","15":"instock","16":"taxable","17":"shipping-taxable","18":"product-type-variable"},"acf":[],"_links":{"self":[{"href":"https:\/\/gajos.sk\/eshop\/wp-json\/wp\/v2\/product\/328391","targetHints":{"allow":["GET"]}}],"collection":[{"href":"https:\/\/gajos.sk\/eshop\/wp-json\/wp\/v2\/product"}],"about":[{"href":"https:\/\/gajos.sk\/eshop\/wp-json\/wp\/v2\/types\/product"}],"wp:featuredmedia":[{"embeddable":true,"href":"https:\/\/gajos.sk\/eshop\/wp-json\/wp\/v2\/media\/328393"}],"wp:attachment":[{"href":"https:\/\/gajos.sk\/eshop\/wp-json\/wp\/v2\/media?parent=328391"}],"wp:term":[{"taxonomy":"product_brand","embeddable":true,"href":"https:\/\/gajos.sk\/eshop\/wp-json\/wp\/v2\/product_brand?post=328391"},{"taxonomy":"product_cat","embeddable":true,"href":"https:\/\/gajos.sk\/eshop\/wp-json\/wp\/v2\/product_cat?post=328391"},{"taxonomy":"product_tag","embeddable":true,"href":"https:\/\/gajos.sk\/eshop\/wp-json\/wp\/v2\/product_tag?post=328391"}],"curies":[{"name":"wp","href":"https:\/\/api.w.org\/{rel}","templated":true}]}}