{"id":328355,"date":"2024-03-01T18:15:19","date_gmt":"2024-03-01T17:15:19","guid":{"rendered":"https:\/\/gajostest.a2hosted.com\/eshop\/ansell-58-735-alphatec\/"},"modified":"2026-04-25T21:08:46","modified_gmt":"2026-04-25T19:08:46","slug":"ansell-58-735-alphatec","status":"publish","type":"product","link":"https:\/\/gajos.sk\/eshop\/p\/ansell-58-735-alphatec\/","title":{"rendered":"Ansell 58-735 AlphaTec"},"content":{"rendered":"","protected":false},"excerpt":{"rendered":"<p>Nitrilov\u00e1 rukavica, ktor\u00e1 sa vyzna\u010duje vysokou odolnos\u0165ou vo\u010di v\u00e4\u010d\u0161ine chemick\u00fdch l\u00e1tok, z\u00e1rove\u0148 m\u00e1 protirezn\u00fa pod\u0161\u00edvku. Technol\u00f3gia Ansell GRIP poskytuje lep\u0161\u00ed \u00fachop a pohodlie.<\/p>\n","protected":false},"featured_media":328357,"template":"","meta":{"_acf_changed":false,"inline_featured_image":false},"product_brand":[],"product_cat":[2124],"product_tag":[1219],"class_list":{"0":"post-328355","1":"product","2":"type-product","3":"status-publish","4":"has-post-thumbnail","6":"product_cat-rukavice","7":"product_tag-ansell","8":"pa_velkost-3050","9":"pa_velkost-3051","10":"pa_velkost-3052","11":"pa_velkost-3057","12":"pa_velkost-3058","14":"first","15":"instock","16":"taxable","17":"shipping-taxable","18":"purchasable","19":"product-type-variable"},"acf":[],"_links":{"self":[{"href":"https:\/\/gajos.sk\/eshop\/wp-json\/wp\/v2\/product\/328355","targetHints":{"allow":["GET"]}}],"collection":[{"href":"https:\/\/gajos.sk\/eshop\/wp-json\/wp\/v2\/product"}],"about":[{"href":"https:\/\/gajos.sk\/eshop\/wp-json\/wp\/v2\/types\/product"}],"wp:featuredmedia":[{"embeddable":true,"href":"https:\/\/gajos.sk\/eshop\/wp-json\/wp\/v2\/media\/328357"}],"wp:attachment":[{"href":"https:\/\/gajos.sk\/eshop\/wp-json\/wp\/v2\/media?parent=328355"}],"wp:term":[{"taxonomy":"product_brand","embeddable":true,"href":"https:\/\/gajos.sk\/eshop\/wp-json\/wp\/v2\/product_brand?post=328355"},{"taxonomy":"product_cat","embeddable":true,"href":"https:\/\/gajos.sk\/eshop\/wp-json\/wp\/v2\/product_cat?post=328355"},{"taxonomy":"product_tag","embeddable":true,"href":"https:\/\/gajos.sk\/eshop\/wp-json\/wp\/v2\/product_tag?post=328355"}],"curies":[{"name":"wp","href":"https:\/\/api.w.org\/{rel}","templated":true}]}}