{"id":328348,"date":"2024-03-01T18:15:16","date_gmt":"2024-03-01T17:15:16","guid":{"rendered":"https:\/\/gajostest.a2hosted.com\/eshop\/cherrug-rukavice-pvc-nitril\/"},"modified":"2026-04-25T21:08:46","modified_gmt":"2026-04-25T19:08:46","slug":"cherrug-rukavice-pvc-nitril","status":"publish","type":"product","link":"https:\/\/gajos.sk\/eshop\/p\/cherrug-rukavice-pvc-nitril\/","title":{"rendered":"CHERRUG rukavice PVC nitril"},"content":{"rendered":"","protected":false},"excerpt":{"rendered":"<p>Rukavice z PVC odoln\u00e9 chemik\u00e1li\u00e1m s unik\u00e1tnym nitrilov\u00fdm zdrsnen\u00fdm povrchom v dlani a na prstoch, ktor\u00e9 zais\u0165uje u\u017e\u00edvate\u013eovi ist\u00fd \u00fachop. Rukavica je perfektne ergonomick\u00e1, \u010do e\u0161te zvy\u0161uje komfort pri pr\u00e1ci.<\/p>\n","protected":false},"featured_media":328350,"template":"","meta":{"_acf_changed":false,"inline_featured_image":false},"product_brand":[],"product_cat":[2124],"product_tag":[1179],"class_list":{"0":"post-328348","1":"product","2":"type-product","3":"status-publish","4":"has-post-thumbnail","6":"product_cat-rukavice","7":"product_tag-cerva","8":"pa_farba-cerna-cervena","9":"pa_velkost-3050","10":"pa_velkost-3051","11":"pa_velkost-3052","12":"pa_velkost-3057","13":"pa_velkost-3058","15":"first","16":"instock","17":"taxable","18":"shipping-taxable","19":"purchasable","20":"product-type-variable"},"acf":[],"_links":{"self":[{"href":"https:\/\/gajos.sk\/eshop\/wp-json\/wp\/v2\/product\/328348","targetHints":{"allow":["GET"]}}],"collection":[{"href":"https:\/\/gajos.sk\/eshop\/wp-json\/wp\/v2\/product"}],"about":[{"href":"https:\/\/gajos.sk\/eshop\/wp-json\/wp\/v2\/types\/product"}],"wp:featuredmedia":[{"embeddable":true,"href":"https:\/\/gajos.sk\/eshop\/wp-json\/wp\/v2\/media\/328350"}],"wp:attachment":[{"href":"https:\/\/gajos.sk\/eshop\/wp-json\/wp\/v2\/media?parent=328348"}],"wp:term":[{"taxonomy":"product_brand","embeddable":true,"href":"https:\/\/gajos.sk\/eshop\/wp-json\/wp\/v2\/product_brand?post=328348"},{"taxonomy":"product_cat","embeddable":true,"href":"https:\/\/gajos.sk\/eshop\/wp-json\/wp\/v2\/product_cat?post=328348"},{"taxonomy":"product_tag","embeddable":true,"href":"https:\/\/gajos.sk\/eshop\/wp-json\/wp\/v2\/product_tag?post=328348"}],"curies":[{"name":"wp","href":"https:\/\/api.w.org\/{rel}","templated":true}]}}