{"id":328342,"date":"2024-03-01T18:15:13","date_gmt":"2024-03-01T17:15:13","guid":{"rendered":"https:\/\/gajostest.a2hosted.com\/eshop\/immer-rukavice-nitril-chem-protirez\/"},"modified":"2026-04-25T21:08:46","modified_gmt":"2026-04-25T19:08:46","slug":"immer-rukavice-nitril-chem-protirez","status":"publish","type":"product","link":"https:\/\/gajos.sk\/eshop\/p\/immer-rukavice-nitril-chem-protirez\/","title":{"rendered":"IMMER rukavice nitril chem.protirez."},"content":{"rendered":"","protected":false},"excerpt":{"rendered":"<p>Nitrilov\u00e9 rukavice odoln\u00e9 chemik\u00e1li\u00e1m s unik\u00e1tnou protireznou pod\u0161\u00edvkou vo v\u00fdstra\u017enej farbe. V pr\u00edpade, \u017ee d\u00f4jde k prerezu chemicky odolnej vrstvy, objav\u00ed sa v\u00fdstra\u017en\u00e1 farba, ktor\u00e1 upozorn\u00ed u\u017eivate\u013ea, \u017ee mus\u00ed rukavicu vymeni\u0165. Zdrsnenie povrchu v dlani a na prstoch zais\u0165uje u\u017e\u00edvate\u013eovi ist\u00fd \u00fachop. D\u013a\u017eka 35 cm.<\/p>\n","protected":false},"featured_media":328344,"template":"","meta":{"_acf_changed":false,"inline_featured_image":false},"product_brand":[],"product_cat":[2124],"product_tag":[1179],"class_list":{"0":"post-328342","1":"product","2":"type-product","3":"status-publish","4":"has-post-thumbnail","6":"product_cat-rukavice","7":"product_tag-cerva","8":"pa_farba-zelena","9":"pa_velkost-3051","10":"pa_velkost-3052","11":"pa_velkost-3057","12":"pa_velkost-3058","13":"pa_velkost-3050","15":"first","16":"instock","17":"taxable","18":"shipping-taxable","19":"purchasable","20":"product-type-variable"},"acf":[],"_links":{"self":[{"href":"https:\/\/gajos.sk\/eshop\/wp-json\/wp\/v2\/product\/328342","targetHints":{"allow":["GET"]}}],"collection":[{"href":"https:\/\/gajos.sk\/eshop\/wp-json\/wp\/v2\/product"}],"about":[{"href":"https:\/\/gajos.sk\/eshop\/wp-json\/wp\/v2\/types\/product"}],"wp:featuredmedia":[{"embeddable":true,"href":"https:\/\/gajos.sk\/eshop\/wp-json\/wp\/v2\/media\/328344"}],"wp:attachment":[{"href":"https:\/\/gajos.sk\/eshop\/wp-json\/wp\/v2\/media?parent=328342"}],"wp:term":[{"taxonomy":"product_brand","embeddable":true,"href":"https:\/\/gajos.sk\/eshop\/wp-json\/wp\/v2\/product_brand?post=328342"},{"taxonomy":"product_cat","embeddable":true,"href":"https:\/\/gajos.sk\/eshop\/wp-json\/wp\/v2\/product_cat?post=328342"},{"taxonomy":"product_tag","embeddable":true,"href":"https:\/\/gajos.sk\/eshop\/wp-json\/wp\/v2\/product_tag?post=328342"}],"curies":[{"name":"wp","href":"https:\/\/api.w.org\/{rel}","templated":true}]}}