{"id":328306,"date":"2024-03-01T18:13:55","date_gmt":"2024-03-01T17:13:55","guid":{"rendered":"https:\/\/gajostest.a2hosted.com\/eshop\/ansell-58-330-alphatec\/"},"modified":"2026-04-25T21:08:46","modified_gmt":"2026-04-25T19:08:46","slug":"ansell-58-330-alphatec","status":"publish","type":"product","link":"https:\/\/gajos.sk\/eshop\/p\/ansell-58-330-alphatec\/","title":{"rendered":"ANSELL  58-330 AlphaTec"},"content":{"rendered":"","protected":false},"excerpt":{"rendered":"<p>Rukavice z\u00a0\u010desanej nitrilovej peny, dla\u0148 s\u00a0obr\u00e1ten\u00fdm koso\u0161tvorcov\u00fdm vzorom, nitrilov\u00e9 povrstvenie 0,3\u2009mm (58\u2013330), alebo 0,45\u2009mm (58\u2013335). Vn\u00fatorn\u00e1 \u00faprava Aquadri II s\u00a0hr\u00fabkou 0,35\u2009mm, technol\u00f3gia pohlcovania potu pre dlh\u0161\u00ed komfort.<\/p>\n","protected":false},"featured_media":328308,"template":"","meta":{"_acf_changed":false,"inline_featured_image":false},"product_brand":[],"product_cat":[2124],"product_tag":[1219],"class_list":{"0":"post-328306","1":"product","2":"type-product","3":"status-publish","4":"has-post-thumbnail","6":"product_cat-rukavice","7":"product_tag-ansell","8":"pa_farba-zelena","9":"pa_velkost-3057","10":"pa_velkost-3058","11":"pa_velkost-3050","12":"pa_velkost-3051","13":"pa_velkost-3052","15":"first","16":"instock","17":"taxable","18":"shipping-taxable","19":"purchasable","20":"product-type-variable"},"acf":[],"_links":{"self":[{"href":"https:\/\/gajos.sk\/eshop\/wp-json\/wp\/v2\/product\/328306","targetHints":{"allow":["GET"]}}],"collection":[{"href":"https:\/\/gajos.sk\/eshop\/wp-json\/wp\/v2\/product"}],"about":[{"href":"https:\/\/gajos.sk\/eshop\/wp-json\/wp\/v2\/types\/product"}],"wp:featuredmedia":[{"embeddable":true,"href":"https:\/\/gajos.sk\/eshop\/wp-json\/wp\/v2\/media\/328308"}],"wp:attachment":[{"href":"https:\/\/gajos.sk\/eshop\/wp-json\/wp\/v2\/media?parent=328306"}],"wp:term":[{"taxonomy":"product_brand","embeddable":true,"href":"https:\/\/gajos.sk\/eshop\/wp-json\/wp\/v2\/product_brand?post=328306"},{"taxonomy":"product_cat","embeddable":true,"href":"https:\/\/gajos.sk\/eshop\/wp-json\/wp\/v2\/product_cat?post=328306"},{"taxonomy":"product_tag","embeddable":true,"href":"https:\/\/gajos.sk\/eshop\/wp-json\/wp\/v2\/product_tag?post=328306"}],"curies":[{"name":"wp","href":"https:\/\/api.w.org\/{rel}","templated":true}]}}