{"id":328299,"date":"2024-03-01T18:13:55","date_gmt":"2024-03-01T17:13:55","guid":{"rendered":"https:\/\/gajostest.a2hosted.com\/eshop\/fuligula-ruk-pvc-35cm\/"},"modified":"2026-04-25T21:08:46","modified_gmt":"2026-04-25T19:08:46","slug":"fuligula-ruk-pvc-35cm","status":"publish","type":"product","link":"https:\/\/gajos.sk\/eshop\/p\/fuligula-ruk-pvc-35cm\/","title":{"rendered":"FULIGULA ruk. PVC 35cm"},"content":{"rendered":"","protected":false},"excerpt":{"rendered":"<p>Rukavice z bavlnen\u00e9ho \u00fapletu m\u00e1\u010dan\u00e9 v PVC, odoln\u00e9 vo\u010di mechanick\u00fdm a chemick\u00fdm rizik\u00e1m, v celkovej d\u013a\u017eke 35 cm.<\/p>\n","protected":false},"featured_media":328301,"template":"","meta":{"_acf_changed":false,"inline_featured_image":false},"product_brand":[],"product_cat":[2124],"product_tag":[1179],"class_list":{"0":"post-328299","1":"product","2":"type-product","3":"status-publish","4":"has-post-thumbnail","6":"product_cat-rukavice","7":"product_tag-cerva","8":"pa_velkost-3050","9":"pa_velkost-3051","10":"pa_velkost-3052","12":"first","13":"instock","14":"taxable","15":"shipping-taxable","16":"purchasable","17":"product-type-variable"},"acf":[],"_links":{"self":[{"href":"https:\/\/gajos.sk\/eshop\/wp-json\/wp\/v2\/product\/328299","targetHints":{"allow":["GET"]}}],"collection":[{"href":"https:\/\/gajos.sk\/eshop\/wp-json\/wp\/v2\/product"}],"about":[{"href":"https:\/\/gajos.sk\/eshop\/wp-json\/wp\/v2\/types\/product"}],"wp:featuredmedia":[{"embeddable":true,"href":"https:\/\/gajos.sk\/eshop\/wp-json\/wp\/v2\/media\/328301"}],"wp:attachment":[{"href":"https:\/\/gajos.sk\/eshop\/wp-json\/wp\/v2\/media?parent=328299"}],"wp:term":[{"taxonomy":"product_brand","embeddable":true,"href":"https:\/\/gajos.sk\/eshop\/wp-json\/wp\/v2\/product_brand?post=328299"},{"taxonomy":"product_cat","embeddable":true,"href":"https:\/\/gajos.sk\/eshop\/wp-json\/wp\/v2\/product_cat?post=328299"},{"taxonomy":"product_tag","embeddable":true,"href":"https:\/\/gajos.sk\/eshop\/wp-json\/wp\/v2\/product_tag?post=328299"}],"curies":[{"name":"wp","href":"https:\/\/api.w.org\/{rel}","templated":true}]}}