{"id":328294,"date":"2024-03-01T18:13:54","date_gmt":"2024-03-01T17:13:54","guid":{"rendered":"https:\/\/gajostest.a2hosted.com\/eshop\/ansell-38-514-chemtek\/"},"modified":"2026-04-25T21:08:46","modified_gmt":"2026-04-25T19:08:46","slug":"ansell-38-514-chemtek","status":"publish","type":"product","link":"https:\/\/gajos.sk\/eshop\/p\/ansell-38-514-chemtek\/","title":{"rendered":"Ansell 38-514 Chemtek"},"content":{"rendered":"","protected":false},"excerpt":{"rendered":"<p>Nejten\u010d\u00ed rukavice vyroben\u00e9 z butylu poskytuj\u00ed tu nejlep\u0161\u00ed odolnost proti nejagresivn\u011bj\u0161\u00edm chemik\u00e1li\u00edm, bez kompromis\u016f ohledn\u011b obratnosti a pohodl\u00ed.<\/p>\n<p>    Rukavice 38-514 nab\u00edzej\u00ed vynikaj\u00edc\u00ed odolnost proti aldehyd\u016fm, keton\u016fm a ester\u016fm stejn\u011b jako proti koncentrovan\u00fdm miner\u00e1ln\u00edm kyselin\u00e1m<br \/>\n    Rukavice jsou velmi pru\u017en\u00e9 a poskytuj\u00ed vynikaj\u00edc\u00ed obratnost<br \/>\n    Vytvo\u0159eny pro pohodl\u00ed \u2013 s p\u0159irozen\u00fdm, zaoblen\u00fdm ergonomick\u00fdm tvarem a pocitem jemn\u00e9ho materi\u00e1lu; nab\u00edzej\u00ed jednoduch\u00e9 navl\u00e9k\u00e1n\u00ed a dobr\u00fd \u00fachop<br \/>\n    Nep\u0159\u00edtomnost latexov\u00fdch protein\u016f znamen\u00e1, \u017ee zde nen\u00ed \u017e\u00e1dn\u00e9 riziko alergi\u00ed na latex<br \/>\n    Zdrsn\u011bl\u00fd povrch na ruce pro bezpe\u010dn\u011bj\u0161\u00ed manipulaci<\/p>\n","protected":false},"featured_media":0,"template":"","meta":{"_acf_changed":false,"inline_featured_image":false},"product_brand":[],"product_cat":[2124],"product_tag":[1219],"class_list":{"0":"post-328294","1":"product","2":"type-product","3":"status-publish","5":"product_cat-rukavice","6":"product_tag-ansell","7":"pa_velkost-3051","8":"pa_velkost-3052","9":"pa_velkost-3057","10":"pa_velkost-3058","12":"first","13":"instock","14":"taxable","15":"shipping-taxable","16":"purchasable","17":"product-type-variable"},"acf":[],"_links":{"self":[{"href":"https:\/\/gajos.sk\/eshop\/wp-json\/wp\/v2\/product\/328294","targetHints":{"allow":["GET"]}}],"collection":[{"href":"https:\/\/gajos.sk\/eshop\/wp-json\/wp\/v2\/product"}],"about":[{"href":"https:\/\/gajos.sk\/eshop\/wp-json\/wp\/v2\/types\/product"}],"wp:attachment":[{"href":"https:\/\/gajos.sk\/eshop\/wp-json\/wp\/v2\/media?parent=328294"}],"wp:term":[{"taxonomy":"product_brand","embeddable":true,"href":"https:\/\/gajos.sk\/eshop\/wp-json\/wp\/v2\/product_brand?post=328294"},{"taxonomy":"product_cat","embeddable":true,"href":"https:\/\/gajos.sk\/eshop\/wp-json\/wp\/v2\/product_cat?post=328294"},{"taxonomy":"product_tag","embeddable":true,"href":"https:\/\/gajos.sk\/eshop\/wp-json\/wp\/v2\/product_tag?post=328294"}],"curies":[{"name":"wp","href":"https:\/\/api.w.org\/{rel}","templated":true}]}}