{"id":328287,"date":"2024-03-01T18:13:51","date_gmt":"2024-03-01T17:13:51","guid":{"rendered":"https:\/\/gajostest.a2hosted.com\/eshop\/ansell-58-270-alphatec\/"},"modified":"2026-04-25T21:08:46","modified_gmt":"2026-04-25T19:08:46","slug":"ansell-58-270-alphatec","status":"publish","type":"product","link":"https:\/\/gajos.sk\/eshop\/p\/ansell-58-270-alphatec\/","title":{"rendered":"ANSELL  58-270 AlphaTec"},"content":{"rendered":"","protected":false},"excerpt":{"rendered":"<p>Tenk\u00e9 \u010dierne rukavice z dvojit\u00e9ho nitrilu, vyroben\u00e9 technol\u00f3giou Ansell Grip Technology, s nylonovou 15 vl\u00e1knovou pod\u0161\u00edvkou, vynikaj\u00facou obratnos\u0165ou a dlh\u0161ou \u017eivotnos\u0165ou, vhodn\u00e9 pre manipul\u00e1ciu s mokr\u00fdmi a klzk\u00fdmi predmetmi pri men\u0161ej potrebnej sile \u00fachopu.<\/p>\n","protected":false},"featured_media":328289,"template":"","meta":{"_acf_changed":false,"inline_featured_image":false},"product_brand":[],"product_cat":[2124],"product_tag":[1219],"class_list":{"0":"post-328287","1":"product","2":"type-product","3":"status-publish","4":"has-post-thumbnail","6":"product_cat-rukavice","7":"product_tag-ansell","8":"pa_velkost-3058","9":"pa_velkost-3050","10":"pa_velkost-3051","11":"pa_velkost-3052","12":"pa_velkost-3057","14":"first","15":"instock","16":"taxable","17":"shipping-taxable","18":"purchasable","19":"product-type-variable"},"acf":[],"_links":{"self":[{"href":"https:\/\/gajos.sk\/eshop\/wp-json\/wp\/v2\/product\/328287","targetHints":{"allow":["GET"]}}],"collection":[{"href":"https:\/\/gajos.sk\/eshop\/wp-json\/wp\/v2\/product"}],"about":[{"href":"https:\/\/gajos.sk\/eshop\/wp-json\/wp\/v2\/types\/product"}],"wp:featuredmedia":[{"embeddable":true,"href":"https:\/\/gajos.sk\/eshop\/wp-json\/wp\/v2\/media\/328289"}],"wp:attachment":[{"href":"https:\/\/gajos.sk\/eshop\/wp-json\/wp\/v2\/media?parent=328287"}],"wp:term":[{"taxonomy":"product_brand","embeddable":true,"href":"https:\/\/gajos.sk\/eshop\/wp-json\/wp\/v2\/product_brand?post=328287"},{"taxonomy":"product_cat","embeddable":true,"href":"https:\/\/gajos.sk\/eshop\/wp-json\/wp\/v2\/product_cat?post=328287"},{"taxonomy":"product_tag","embeddable":true,"href":"https:\/\/gajos.sk\/eshop\/wp-json\/wp\/v2\/product_tag?post=328287"}],"curies":[{"name":"wp","href":"https:\/\/api.w.org\/{rel}","templated":true}]}}