{"id":328281,"date":"2024-03-01T18:13:48","date_gmt":"2024-03-01T17:13:48","guid":{"rendered":"https:\/\/gajostest.a2hosted.com\/eshop\/ansell-58-535w-alphatec\/"},"modified":"2026-04-25T21:08:46","modified_gmt":"2026-04-25T19:08:46","slug":"ansell-58-535w-alphatec","status":"publish","type":"product","link":"https:\/\/gajos.sk\/eshop\/p\/ansell-58-535w-alphatec\/","title":{"rendered":"ANSELL  58-535W AlphaTec"},"content":{"rendered":"","protected":false},"excerpt":{"rendered":"<p>Chemicky odoln\u00e9 antistatick\u00e9 rukavice vyroben\u00e9 technol\u00f3giou Ansell Grip Technology, s proti\u0161mykovou \u00fapravou v dlani a na chrbte a nylonovou pod\u0161\u00edvkou. 356 mm<\/p>\n","protected":false},"featured_media":328283,"template":"","meta":{"_acf_changed":false,"inline_featured_image":false},"product_brand":[],"product_cat":[2124],"product_tag":[1219],"class_list":{"0":"post-328281","1":"product","2":"type-product","3":"status-publish","4":"has-post-thumbnail","6":"product_cat-rukavice","7":"product_tag-ansell","8":"pa_velkost-3050","9":"pa_velkost-3051","10":"pa_velkost-3052","11":"pa_velkost-3057","13":"first","14":"instock","15":"taxable","16":"shipping-taxable","17":"purchasable","18":"product-type-variable"},"acf":[],"_links":{"self":[{"href":"https:\/\/gajos.sk\/eshop\/wp-json\/wp\/v2\/product\/328281","targetHints":{"allow":["GET"]}}],"collection":[{"href":"https:\/\/gajos.sk\/eshop\/wp-json\/wp\/v2\/product"}],"about":[{"href":"https:\/\/gajos.sk\/eshop\/wp-json\/wp\/v2\/types\/product"}],"wp:featuredmedia":[{"embeddable":true,"href":"https:\/\/gajos.sk\/eshop\/wp-json\/wp\/v2\/media\/328283"}],"wp:attachment":[{"href":"https:\/\/gajos.sk\/eshop\/wp-json\/wp\/v2\/media?parent=328281"}],"wp:term":[{"taxonomy":"product_brand","embeddable":true,"href":"https:\/\/gajos.sk\/eshop\/wp-json\/wp\/v2\/product_brand?post=328281"},{"taxonomy":"product_cat","embeddable":true,"href":"https:\/\/gajos.sk\/eshop\/wp-json\/wp\/v2\/product_cat?post=328281"},{"taxonomy":"product_tag","embeddable":true,"href":"https:\/\/gajos.sk\/eshop\/wp-json\/wp\/v2\/product_tag?post=328281"}],"curies":[{"name":"wp","href":"https:\/\/api.w.org\/{rel}","templated":true}]}}