{"id":328275,"date":"2024-03-01T18:13:44","date_gmt":"2024-03-01T17:13:44","guid":{"rendered":"https:\/\/gajostest.a2hosted.com\/eshop\/caspia-rukavice-latex-neopren\/"},"modified":"2026-04-25T21:08:46","modified_gmt":"2026-04-25T19:08:46","slug":"caspia-rukavice-latex-neopren","status":"publish","type":"product","link":"https:\/\/gajos.sk\/eshop\/p\/caspia-rukavice-latex-neopren\/","title":{"rendered":"CASPIA rukavice latex\/neopren"},"content":{"rendered":"","protected":false},"excerpt":{"rendered":"<p>Rukavice z pr\u00edrodn\u00e9ho latexu, m\u00e1\u010dan\u00e9, s 0,7 mm hrub\u00fdm neopr\u00e9nom a vel\u00farovou \u00fapravou vo vn\u00fatri a s reli\u00e9fnym povrchom v dlani a na prstoch. Rukavice maj\u00fa v\u00fdborn\u00e9 proti\u0161mykov\u00e9 a \u00fachopov\u00e9 vlastnosti a dobr\u00fa fix\u00e1ciu.<\/p>\n","protected":false},"featured_media":328277,"template":"","meta":{"_acf_changed":false,"inline_featured_image":false},"product_brand":[],"product_cat":[2124],"product_tag":[1179],"class_list":{"0":"post-328275","1":"product","2":"type-product","3":"status-publish","4":"has-post-thumbnail","6":"product_cat-rukavice","7":"product_tag-cerva","8":"pa_velkost-3052","9":"pa_velkost-3057","10":"pa_velkost-3058","11":"pa_velkost-3051","13":"first","14":"instock","15":"taxable","16":"shipping-taxable","17":"purchasable","18":"product-type-variable"},"acf":[],"_links":{"self":[{"href":"https:\/\/gajos.sk\/eshop\/wp-json\/wp\/v2\/product\/328275","targetHints":{"allow":["GET"]}}],"collection":[{"href":"https:\/\/gajos.sk\/eshop\/wp-json\/wp\/v2\/product"}],"about":[{"href":"https:\/\/gajos.sk\/eshop\/wp-json\/wp\/v2\/types\/product"}],"wp:featuredmedia":[{"embeddable":true,"href":"https:\/\/gajos.sk\/eshop\/wp-json\/wp\/v2\/media\/328277"}],"wp:attachment":[{"href":"https:\/\/gajos.sk\/eshop\/wp-json\/wp\/v2\/media?parent=328275"}],"wp:term":[{"taxonomy":"product_brand","embeddable":true,"href":"https:\/\/gajos.sk\/eshop\/wp-json\/wp\/v2\/product_brand?post=328275"},{"taxonomy":"product_cat","embeddable":true,"href":"https:\/\/gajos.sk\/eshop\/wp-json\/wp\/v2\/product_cat?post=328275"},{"taxonomy":"product_tag","embeddable":true,"href":"https:\/\/gajos.sk\/eshop\/wp-json\/wp\/v2\/product_tag?post=328275"}],"curies":[{"name":"wp","href":"https:\/\/api.w.org\/{rel}","templated":true}]}}