{"id":328272,"date":"2024-03-01T18:13:44","date_gmt":"2024-03-01T17:13:44","guid":{"rendered":"https:\/\/gajostest.a2hosted.com\/eshop\/nivalis-rukavice-pvc-modre\/"},"modified":"2026-04-25T21:08:46","modified_gmt":"2026-04-25T19:08:46","slug":"nivalis-rukavice-pvc-modre","status":"publish","type":"product","link":"https:\/\/gajos.sk\/eshop\/p\/nivalis-rukavice-pvc-modre\/","title":{"rendered":"NIVALIS rukavice PVC &#8211; modr\u00e9"},"content":{"rendered":"","protected":false},"excerpt":{"rendered":"<p>Rukavice z PVC odoln\u00e9 vo\u010di chemik\u00e1li\u00e1m s bavlnenou pod\u0161\u00edvkou a \u0161peci\u00e1lnou povrchovou \u00fapravou. Rukavice vynikaj\u00fa ergon\u00f3miou a \u00fachopov\u00fdmi vlastnos\u0165ami, \u013eahko sa nasadzuj\u00fa.<\/p>\n","protected":false},"featured_media":328274,"template":"","meta":{"_acf_changed":false,"inline_featured_image":false},"product_brand":[],"product_cat":[2124],"product_tag":[1179],"class_list":{"0":"post-328272","1":"product","2":"type-product","3":"status-publish","4":"has-post-thumbnail","6":"product_cat-rukavice","7":"product_tag-cerva","8":"pa_velkost-3051","10":"first","11":"instock","12":"taxable","13":"shipping-taxable","14":"purchasable","15":"product-type-variable"},"acf":[],"_links":{"self":[{"href":"https:\/\/gajos.sk\/eshop\/wp-json\/wp\/v2\/product\/328272","targetHints":{"allow":["GET"]}}],"collection":[{"href":"https:\/\/gajos.sk\/eshop\/wp-json\/wp\/v2\/product"}],"about":[{"href":"https:\/\/gajos.sk\/eshop\/wp-json\/wp\/v2\/types\/product"}],"wp:featuredmedia":[{"embeddable":true,"href":"https:\/\/gajos.sk\/eshop\/wp-json\/wp\/v2\/media\/328274"}],"wp:attachment":[{"href":"https:\/\/gajos.sk\/eshop\/wp-json\/wp\/v2\/media?parent=328272"}],"wp:term":[{"taxonomy":"product_brand","embeddable":true,"href":"https:\/\/gajos.sk\/eshop\/wp-json\/wp\/v2\/product_brand?post=328272"},{"taxonomy":"product_cat","embeddable":true,"href":"https:\/\/gajos.sk\/eshop\/wp-json\/wp\/v2\/product_cat?post=328272"},{"taxonomy":"product_tag","embeddable":true,"href":"https:\/\/gajos.sk\/eshop\/wp-json\/wp\/v2\/product_tag?post=328272"}],"curies":[{"name":"wp","href":"https:\/\/api.w.org\/{rel}","templated":true}]}}