{"id":328216,"date":"2024-03-01T18:13:16","date_gmt":"2024-03-01T17:13:16","guid":{"rendered":"https:\/\/gajostest.a2hosted.com\/eshop\/alphatec-87-900bi-colour-rukavice\/"},"modified":"2026-04-25T21:08:46","modified_gmt":"2026-04-25T19:08:46","slug":"alphatec-87-900bi-colour-rukavice","status":"publish","type":"product","link":"https:\/\/gajos.sk\/eshop\/p\/alphatec-87-900bi-colour-rukavice\/","title":{"rendered":"Alphatec 87-900(Bi-Colour) rukavice"},"content":{"rendered":"","protected":false},"excerpt":{"rendered":"<p>Rukavice z pr\u00edrodn\u00e9ho latexu, m\u00e1\u010dan\u00e9 v 0,68 mm silnom neopr\u00e9ne, s vel\u00farovou \u00fapravou vo vn\u00fatri, reli\u00e9fnym povrchom v dlani a na prstoch, v celkovej d\u013a\u017eke 32,2 cm.<\/p>\n","protected":false},"featured_media":328218,"template":"","meta":{"_acf_changed":false,"inline_featured_image":false},"product_brand":[],"product_cat":[2124],"product_tag":[1219],"class_list":{"0":"post-328216","1":"product","2":"type-product","3":"status-publish","4":"has-post-thumbnail","6":"product_cat-rukavice","7":"product_tag-ansell","8":"pa_velkost-3052","9":"pa_velkost-3057","10":"pa_velkost-3058","11":"pa_velkost-3050","12":"pa_velkost-3051","14":"first","15":"instock","16":"taxable","17":"shipping-taxable","18":"purchasable","19":"product-type-variable"},"acf":[],"_links":{"self":[{"href":"https:\/\/gajos.sk\/eshop\/wp-json\/wp\/v2\/product\/328216","targetHints":{"allow":["GET"]}}],"collection":[{"href":"https:\/\/gajos.sk\/eshop\/wp-json\/wp\/v2\/product"}],"about":[{"href":"https:\/\/gajos.sk\/eshop\/wp-json\/wp\/v2\/types\/product"}],"wp:featuredmedia":[{"embeddable":true,"href":"https:\/\/gajos.sk\/eshop\/wp-json\/wp\/v2\/media\/328218"}],"wp:attachment":[{"href":"https:\/\/gajos.sk\/eshop\/wp-json\/wp\/v2\/media?parent=328216"}],"wp:term":[{"taxonomy":"product_brand","embeddable":true,"href":"https:\/\/gajos.sk\/eshop\/wp-json\/wp\/v2\/product_brand?post=328216"},{"taxonomy":"product_cat","embeddable":true,"href":"https:\/\/gajos.sk\/eshop\/wp-json\/wp\/v2\/product_cat?post=328216"},{"taxonomy":"product_tag","embeddable":true,"href":"https:\/\/gajos.sk\/eshop\/wp-json\/wp\/v2\/product_tag?post=328216"}],"curies":[{"name":"wp","href":"https:\/\/api.w.org\/{rel}","templated":true}]}}