{"id":328164,"date":"2024-03-01T18:11:55","date_gmt":"2024-03-01T17:11:55","guid":{"rendered":"https:\/\/gajostest.a2hosted.com\/eshop\/ansell-37-695-sol-vex\/"},"modified":"2026-04-24T21:10:20","modified_gmt":"2026-04-24T19:10:20","slug":"ansell-37-695-sol-vex","status":"publish","type":"product","link":"https:\/\/gajos.sk\/eshop\/p\/ansell-37-695-sol-vex\/","title":{"rendered":"ANSELL  37-695 Sol-Vex"},"content":{"rendered":"","protected":false},"excerpt":{"rendered":"<p>Zelen\u00e9 antistatick\u00e9 rukavice z 0,425 mm siln\u00e9ho nitrilu, s vel\u00farovou \u00fapravou vo vn\u00fatri, reli\u00e9fnym povrchom v dlani a na prstoch a odolnos\u0165ou proti oteru, v celkovej d\u013a\u017eke 38 cm. Standardy: EN388 (4101A); EN 374-1 Type A (AJKLPT); EN 374-5<\/p>\n","protected":false},"featured_media":328166,"template":"","meta":{"_acf_changed":false,"inline_featured_image":false},"product_brand":[],"product_cat":[2124],"product_tag":[1219],"class_list":{"0":"post-328164","1":"product","2":"type-product","3":"status-publish","4":"has-post-thumbnail","6":"product_cat-rukavice","7":"product_tag-ansell","8":"pa_velkost-3050","9":"pa_velkost-3051","10":"pa_velkost-3052","11":"pa_velkost-3057","12":"pa_velkost-3058","14":"first","15":"instock","16":"taxable","17":"shipping-taxable","18":"purchasable","19":"product-type-variable"},"acf":[],"_links":{"self":[{"href":"https:\/\/gajos.sk\/eshop\/wp-json\/wp\/v2\/product\/328164","targetHints":{"allow":["GET"]}}],"collection":[{"href":"https:\/\/gajos.sk\/eshop\/wp-json\/wp\/v2\/product"}],"about":[{"href":"https:\/\/gajos.sk\/eshop\/wp-json\/wp\/v2\/types\/product"}],"wp:featuredmedia":[{"embeddable":true,"href":"https:\/\/gajos.sk\/eshop\/wp-json\/wp\/v2\/media\/328166"}],"wp:attachment":[{"href":"https:\/\/gajos.sk\/eshop\/wp-json\/wp\/v2\/media?parent=328164"}],"wp:term":[{"taxonomy":"product_brand","embeddable":true,"href":"https:\/\/gajos.sk\/eshop\/wp-json\/wp\/v2\/product_brand?post=328164"},{"taxonomy":"product_cat","embeddable":true,"href":"https:\/\/gajos.sk\/eshop\/wp-json\/wp\/v2\/product_cat?post=328164"},{"taxonomy":"product_tag","embeddable":true,"href":"https:\/\/gajos.sk\/eshop\/wp-json\/wp\/v2\/product_tag?post=328164"}],"curies":[{"name":"wp","href":"https:\/\/api.w.org\/{rel}","templated":true}]}}