{"id":328150,"date":"2024-03-01T18:11:50","date_gmt":"2024-03-01T17:11:50","guid":{"rendered":"https:\/\/gajostest.a2hosted.com\/eshop\/ansell-37-185-sol-vex\/"},"modified":"2026-04-24T21:10:20","modified_gmt":"2026-04-24T19:10:20","slug":"ansell-37-185-sol-vex","status":"publish","type":"product","link":"https:\/\/gajos.sk\/eshop\/p\/ansell-37-185-sol-vex\/","title":{"rendered":"ANSELL  37-185 Sol-Vex"},"content":{"rendered":"","protected":false},"excerpt":{"rendered":"<p>Zelen\u00e9 antistatick\u00e9 rukavice z 0,56 mm siln\u00e9ho nitrilu, s reli\u00e9fnym povrchom v dlani a na prstoch, v celkovej d\u013a\u017eke 45,5 cm.<\/p>\n","protected":false},"featured_media":328152,"template":"","meta":{"_acf_changed":false,"inline_featured_image":false},"product_brand":[],"product_cat":[2124],"product_tag":[1219],"class_list":{"0":"post-328150","1":"product","2":"type-product","3":"status-publish","4":"has-post-thumbnail","6":"product_cat-rukavice","7":"product_tag-ansell","8":"pa_velkost-3058","9":"pa_velkost-3050","10":"pa_velkost-3051","11":"pa_velkost-3052","12":"pa_velkost-3057","14":"first","15":"instock","16":"taxable","17":"shipping-taxable","18":"purchasable","19":"product-type-variable"},"acf":[],"_links":{"self":[{"href":"https:\/\/gajos.sk\/eshop\/wp-json\/wp\/v2\/product\/328150","targetHints":{"allow":["GET"]}}],"collection":[{"href":"https:\/\/gajos.sk\/eshop\/wp-json\/wp\/v2\/product"}],"about":[{"href":"https:\/\/gajos.sk\/eshop\/wp-json\/wp\/v2\/types\/product"}],"wp:featuredmedia":[{"embeddable":true,"href":"https:\/\/gajos.sk\/eshop\/wp-json\/wp\/v2\/media\/328152"}],"wp:attachment":[{"href":"https:\/\/gajos.sk\/eshop\/wp-json\/wp\/v2\/media?parent=328150"}],"wp:term":[{"taxonomy":"product_brand","embeddable":true,"href":"https:\/\/gajos.sk\/eshop\/wp-json\/wp\/v2\/product_brand?post=328150"},{"taxonomy":"product_cat","embeddable":true,"href":"https:\/\/gajos.sk\/eshop\/wp-json\/wp\/v2\/product_cat?post=328150"},{"taxonomy":"product_tag","embeddable":true,"href":"https:\/\/gajos.sk\/eshop\/wp-json\/wp\/v2\/product_tag?post=328150"}],"curies":[{"name":"wp","href":"https:\/\/api.w.org\/{rel}","templated":true}]}}