{"id":328115,"date":"2024-03-01T18:11:32","date_gmt":"2024-03-01T17:11:32","guid":{"rendered":"https:\/\/gajostest.a2hosted.com\/eshop\/ansell-02-100-barrier\/"},"modified":"2026-04-24T21:10:20","modified_gmt":"2026-04-24T19:10:20","slug":"ansell-02-100-barrier","status":"publish","type":"product","link":"https:\/\/gajos.sk\/eshop\/p\/ansell-02-100-barrier\/","title":{"rendered":"ANSELL  02-100 Barrier"},"content":{"rendered":"","protected":false},"excerpt":{"rendered":"<p>Zv\u00e1ran\u00e9, ergonomicky tvarovan\u00e9 rukavice z p\u00e4\u0165vrstvovej chemicky odolnej f\u00f3lie, s pod\u0161\u00edvkou z netkan\u00e9ho materi\u00e1lu, odolnos\u0165ou proti chemik\u00e1li\u00e1m a rozp\u00fa\u0161\u0165adl\u00e1m, mo\u017eno chr\u00e1ni\u0165 PVC, nitrilov\u00fdmi alebo latexov\u00fdmi rukavicami pre zn\u00ed\u017eenie mechanick\u00e9ho rizika.<\/p>\n","protected":false},"featured_media":328117,"template":"","meta":{"_acf_changed":false,"inline_featured_image":false},"product_brand":[],"product_cat":[2124],"product_tag":[1219],"class_list":{"0":"post-328115","1":"product","2":"type-product","3":"status-publish","4":"has-post-thumbnail","6":"product_cat-rukavice","7":"product_tag-ansell","8":"pa_velkost-3050","9":"pa_velkost-3051","10":"pa_velkost-3052","11":"pa_velkost-3057","12":"pa_velkost-3058","13":"pa_velkost-3062","15":"first","16":"instock","17":"taxable","18":"shipping-taxable","19":"purchasable","20":"product-type-variable"},"acf":[],"_links":{"self":[{"href":"https:\/\/gajos.sk\/eshop\/wp-json\/wp\/v2\/product\/328115","targetHints":{"allow":["GET"]}}],"collection":[{"href":"https:\/\/gajos.sk\/eshop\/wp-json\/wp\/v2\/product"}],"about":[{"href":"https:\/\/gajos.sk\/eshop\/wp-json\/wp\/v2\/types\/product"}],"wp:featuredmedia":[{"embeddable":true,"href":"https:\/\/gajos.sk\/eshop\/wp-json\/wp\/v2\/media\/328117"}],"wp:attachment":[{"href":"https:\/\/gajos.sk\/eshop\/wp-json\/wp\/v2\/media?parent=328115"}],"wp:term":[{"taxonomy":"product_brand","embeddable":true,"href":"https:\/\/gajos.sk\/eshop\/wp-json\/wp\/v2\/product_brand?post=328115"},{"taxonomy":"product_cat","embeddable":true,"href":"https:\/\/gajos.sk\/eshop\/wp-json\/wp\/v2\/product_cat?post=328115"},{"taxonomy":"product_tag","embeddable":true,"href":"https:\/\/gajos.sk\/eshop\/wp-json\/wp\/v2\/product_tag?post=328115"}],"curies":[{"name":"wp","href":"https:\/\/api.w.org\/{rel}","templated":true}]}}