{"id":328104,"date":"2024-03-01T18:11:26","date_gmt":"2024-03-01T17:11:26","guid":{"rendered":"https:\/\/gajostest.a2hosted.com\/eshop\/universal-as-rukavice-35-cm\/"},"modified":"2026-04-25T21:08:46","modified_gmt":"2026-04-25T19:08:46","slug":"universal-as-rukavice-35-cm","status":"publish","type":"product","link":"https:\/\/gajos.sk\/eshop\/p\/universal-as-rukavice-35-cm\/","title":{"rendered":"UNIVERSAL AS rukavice 35 cm"},"content":{"rendered":"","protected":false},"excerpt":{"rendered":"<p>Rukavice \u0161it\u00e9 z bavlnen\u00e9ho \u00fapletu, m\u00e1\u010dan\u00e9 v PVC s obsahom nitrilu, s posypom granulovan\u00e9ho PVC v dlani, odoln\u00e9 mechanick\u00fdm a chemick\u00fdm rizik\u00e1m, v celkovej d\u013a\u017eke 35 cm.<\/p>\n","protected":false},"featured_media":328106,"template":"","meta":{"_acf_changed":false,"inline_featured_image":false},"product_brand":[],"product_cat":[2124],"product_tag":[2240],"class_list":{"0":"post-328104","1":"product","2":"type-product","3":"status-publish","4":"has-post-thumbnail","6":"product_cat-rukavice","7":"product_tag-dg-tachov","8":"pa_velkost-3051","9":"pa_velkost-3052","10":"pa_velkost-3057","11":"pa_velkost-3058","13":"first","14":"instock","15":"taxable","16":"shipping-taxable","17":"purchasable","18":"product-type-variable"},"acf":[],"_links":{"self":[{"href":"https:\/\/gajos.sk\/eshop\/wp-json\/wp\/v2\/product\/328104","targetHints":{"allow":["GET"]}}],"collection":[{"href":"https:\/\/gajos.sk\/eshop\/wp-json\/wp\/v2\/product"}],"about":[{"href":"https:\/\/gajos.sk\/eshop\/wp-json\/wp\/v2\/types\/product"}],"wp:featuredmedia":[{"embeddable":true,"href":"https:\/\/gajos.sk\/eshop\/wp-json\/wp\/v2\/media\/328106"}],"wp:attachment":[{"href":"https:\/\/gajos.sk\/eshop\/wp-json\/wp\/v2\/media?parent=328104"}],"wp:term":[{"taxonomy":"product_brand","embeddable":true,"href":"https:\/\/gajos.sk\/eshop\/wp-json\/wp\/v2\/product_brand?post=328104"},{"taxonomy":"product_cat","embeddable":true,"href":"https:\/\/gajos.sk\/eshop\/wp-json\/wp\/v2\/product_cat?post=328104"},{"taxonomy":"product_tag","embeddable":true,"href":"https:\/\/gajos.sk\/eshop\/wp-json\/wp\/v2\/product_tag?post=328104"}],"curies":[{"name":"wp","href":"https:\/\/api.w.org\/{rel}","templated":true}]}}