{"id":328091,"date":"2024-03-01T18:11:23","date_gmt":"2024-03-01T17:11:23","guid":{"rendered":"https:\/\/gajostest.a2hosted.com\/eshop\/standard-ruk-pvc-35cm\/"},"modified":"2026-04-11T17:47:05","modified_gmt":"2026-04-11T15:47:05","slug":"standard-ruk-pvc-35cm","status":"publish","type":"product","link":"https:\/\/gajos.sk\/eshop\/p\/standard-ruk-pvc-35cm\/","title":{"rendered":"STANDARD ruk. PVC 35cm"},"content":{"rendered":"","protected":false},"excerpt":{"rendered":"<p>Rukavice \u0161it\u00e9 z bavlnen\u00e9ho \u00fapletu, m\u00e1\u010dan\u00e9 v PVC, odoln\u00e9 vo\u010di kyselin\u00e1m a l\u00fahom.<\/p>\n","protected":false},"featured_media":328093,"template":"","meta":{"_acf_changed":false,"inline_featured_image":false},"product_brand":[],"product_cat":[2124],"product_tag":[2240],"class_list":{"0":"post-328091","1":"product","2":"type-product","3":"status-publish","4":"has-post-thumbnail","6":"product_cat-rukavice","7":"product_tag-dg-tachov","8":"pa_farba-zlta","9":"pa_farba-cervena","10":"pa_velkost-3053","11":"pa_velkost-3087","12":"pa_velkost-3093","14":"first","15":"instock","16":"taxable","17":"shipping-taxable","18":"purchasable","19":"product-type-variable"},"acf":[],"_links":{"self":[{"href":"https:\/\/gajos.sk\/eshop\/wp-json\/wp\/v2\/product\/328091","targetHints":{"allow":["GET"]}}],"collection":[{"href":"https:\/\/gajos.sk\/eshop\/wp-json\/wp\/v2\/product"}],"about":[{"href":"https:\/\/gajos.sk\/eshop\/wp-json\/wp\/v2\/types\/product"}],"wp:featuredmedia":[{"embeddable":true,"href":"https:\/\/gajos.sk\/eshop\/wp-json\/wp\/v2\/media\/328093"}],"wp:attachment":[{"href":"https:\/\/gajos.sk\/eshop\/wp-json\/wp\/v2\/media?parent=328091"}],"wp:term":[{"taxonomy":"product_brand","embeddable":true,"href":"https:\/\/gajos.sk\/eshop\/wp-json\/wp\/v2\/product_brand?post=328091"},{"taxonomy":"product_cat","embeddable":true,"href":"https:\/\/gajos.sk\/eshop\/wp-json\/wp\/v2\/product_cat?post=328091"},{"taxonomy":"product_tag","embeddable":true,"href":"https:\/\/gajos.sk\/eshop\/wp-json\/wp\/v2\/product_tag?post=328091"}],"curies":[{"name":"wp","href":"https:\/\/api.w.org\/{rel}","templated":true}]}}