{"id":328083,"date":"2024-03-01T18:11:18","date_gmt":"2024-03-01T17:11:18","guid":{"rendered":"https:\/\/gajostest.a2hosted.com\/eshop\/petrel-rukavice-pvc-zelene\/"},"modified":"2026-04-25T21:08:45","modified_gmt":"2026-04-25T19:08:45","slug":"petrel-rukavice-pvc-zelene","status":"publish","type":"product","link":"https:\/\/gajos.sk\/eshop\/p\/petrel-rukavice-pvc-zelene\/","title":{"rendered":"PETREL rukavice PVC &#8211; zelen\u00e9"},"content":{"rendered":"","protected":false},"excerpt":{"rendered":"<p>Rukavice \u0161it\u00e9 z bavlnenej tepl\u00e1koviny, m\u00e1\u010dan\u00e9 v PVC, s proti\u0161mykovou \u00fapravou, v celkovej d\u013a\u017eke 35 cm.<\/p>\n","protected":false},"featured_media":328085,"template":"","meta":{"_acf_changed":false,"inline_featured_image":false},"product_brand":[],"product_cat":[2124],"product_tag":[1179],"class_list":{"0":"post-328083","1":"product","2":"type-product","3":"status-publish","4":"has-post-thumbnail","6":"product_cat-rukavice","7":"product_tag-cerva","8":"pa_velkost-3050","10":"first","11":"instock","12":"taxable","13":"shipping-taxable","14":"purchasable","15":"product-type-variable"},"acf":[],"_links":{"self":[{"href":"https:\/\/gajos.sk\/eshop\/wp-json\/wp\/v2\/product\/328083","targetHints":{"allow":["GET"]}}],"collection":[{"href":"https:\/\/gajos.sk\/eshop\/wp-json\/wp\/v2\/product"}],"about":[{"href":"https:\/\/gajos.sk\/eshop\/wp-json\/wp\/v2\/types\/product"}],"wp:featuredmedia":[{"embeddable":true,"href":"https:\/\/gajos.sk\/eshop\/wp-json\/wp\/v2\/media\/328085"}],"wp:attachment":[{"href":"https:\/\/gajos.sk\/eshop\/wp-json\/wp\/v2\/media?parent=328083"}],"wp:term":[{"taxonomy":"product_brand","embeddable":true,"href":"https:\/\/gajos.sk\/eshop\/wp-json\/wp\/v2\/product_brand?post=328083"},{"taxonomy":"product_cat","embeddable":true,"href":"https:\/\/gajos.sk\/eshop\/wp-json\/wp\/v2\/product_cat?post=328083"},{"taxonomy":"product_tag","embeddable":true,"href":"https:\/\/gajos.sk\/eshop\/wp-json\/wp\/v2\/product_tag?post=328083"}],"curies":[{"name":"wp","href":"https:\/\/api.w.org\/{rel}","templated":true}]}}