{"id":328077,"date":"2024-03-01T18:11:15","date_gmt":"2024-03-01T17:11:15","guid":{"rendered":"https:\/\/gajostest.a2hosted.com\/eshop\/argus-rukavice-neoprencierne\/"},"modified":"2026-04-25T21:08:45","modified_gmt":"2026-04-25T19:08:45","slug":"argus-rukavice-neoprencierne","status":"publish","type":"product","link":"https:\/\/gajos.sk\/eshop\/p\/argus-rukavice-neoprencierne\/","title":{"rendered":"ARGUS rukavice neopren,\u010dierne"},"content":{"rendered":"","protected":false},"excerpt":{"rendered":"<p>Rukavice z 0,70 mm siln\u00e9ho neopr\u00e9nu, s vel\u00farom vo vn\u00fatri a reli\u00e9fnym povrchom v dlani a na prstoch.<\/p>\n","protected":false},"featured_media":328079,"template":"","meta":{"_acf_changed":false,"inline_featured_image":false},"product_brand":[],"product_cat":[2124],"product_tag":[1179],"class_list":{"0":"post-328077","1":"product","2":"type-product","3":"status-publish","4":"has-post-thumbnail","6":"product_cat-rukavice","7":"product_tag-cerva","8":"pa_velkost-3050","9":"pa_velkost-3051","10":"pa_velkost-3052","11":"pa_velkost-3057","13":"first","14":"instock","15":"taxable","16":"shipping-taxable","17":"purchasable","18":"product-type-variable"},"acf":[],"_links":{"self":[{"href":"https:\/\/gajos.sk\/eshop\/wp-json\/wp\/v2\/product\/328077","targetHints":{"allow":["GET"]}}],"collection":[{"href":"https:\/\/gajos.sk\/eshop\/wp-json\/wp\/v2\/product"}],"about":[{"href":"https:\/\/gajos.sk\/eshop\/wp-json\/wp\/v2\/types\/product"}],"wp:featuredmedia":[{"embeddable":true,"href":"https:\/\/gajos.sk\/eshop\/wp-json\/wp\/v2\/media\/328079"}],"wp:attachment":[{"href":"https:\/\/gajos.sk\/eshop\/wp-json\/wp\/v2\/media?parent=328077"}],"wp:term":[{"taxonomy":"product_brand","embeddable":true,"href":"https:\/\/gajos.sk\/eshop\/wp-json\/wp\/v2\/product_brand?post=328077"},{"taxonomy":"product_cat","embeddable":true,"href":"https:\/\/gajos.sk\/eshop\/wp-json\/wp\/v2\/product_cat?post=328077"},{"taxonomy":"product_tag","embeddable":true,"href":"https:\/\/gajos.sk\/eshop\/wp-json\/wp\/v2\/product_tag?post=328077"}],"curies":[{"name":"wp","href":"https:\/\/api.w.org\/{rel}","templated":true}]}}