{"id":328058,"date":"2024-03-01T18:11:08","date_gmt":"2024-03-01T17:11:08","guid":{"rendered":"https:\/\/gajostest.a2hosted.com\/eshop\/na35-nitril-nepudr-rukavice-100ks\/"},"modified":"2026-04-25T21:08:45","modified_gmt":"2026-04-25T19:08:45","slug":"na35-nitril-nepudr-rukavice-100ks","status":"publish","type":"product","link":"https:\/\/gajos.sk\/eshop\/p\/na35-nitril-nepudr-rukavice-100ks\/","title":{"rendered":"NA35 nitril.nepudr.rukavice 100ks"},"content":{"rendered":"","protected":false},"excerpt":{"rendered":"<p>Povrch z nitrilovej gumy, ktor\u00fd je ve\u013emi odoln\u00fd vo\u010di olejom, maziv\u00e1m a ropn\u00fdm produktom. Odoln\u00fd vo\u010di chemik\u00e1li\u00e1m, kyselin\u00e1m a neketonick\u00fdm rozp\u00fa\u0161\u0165adl\u00e1m; vodotesn\u00e9; obojruk\u00e9; nesteriln\u00e9; AQL 1.5; extra jemn\u00e9 pre v\u00e4\u010d\u0161ie pohodlie; vn\u00fatro bez p\u00fadru nesp\u00f4sobuje alergie; obratnos\u0165 5 (minim\u00e1lne 0, maxim\u00e1lne 5).<\/p>\n","protected":false},"featured_media":328060,"template":"","meta":{"_acf_changed":false,"inline_featured_image":false},"product_brand":[],"product_cat":[2175],"product_tag":[1546],"class_list":{"0":"post-328058","1":"product","2":"type-product","3":"status-publish","4":"has-post-thumbnail","6":"product_cat-produkty","7":"product_tag-dermik","8":"pa_velkost-3057","9":"pa_velkost-3058","10":"pa_velkost-3051","11":"pa_velkost-3052","13":"first","14":"instock","15":"taxable","16":"shipping-taxable","17":"purchasable","18":"product-type-variable"},"acf":[],"_links":{"self":[{"href":"https:\/\/gajos.sk\/eshop\/wp-json\/wp\/v2\/product\/328058","targetHints":{"allow":["GET"]}}],"collection":[{"href":"https:\/\/gajos.sk\/eshop\/wp-json\/wp\/v2\/product"}],"about":[{"href":"https:\/\/gajos.sk\/eshop\/wp-json\/wp\/v2\/types\/product"}],"wp:featuredmedia":[{"embeddable":true,"href":"https:\/\/gajos.sk\/eshop\/wp-json\/wp\/v2\/media\/328060"}],"wp:attachment":[{"href":"https:\/\/gajos.sk\/eshop\/wp-json\/wp\/v2\/media?parent=328058"}],"wp:term":[{"taxonomy":"product_brand","embeddable":true,"href":"https:\/\/gajos.sk\/eshop\/wp-json\/wp\/v2\/product_brand?post=328058"},{"taxonomy":"product_cat","embeddable":true,"href":"https:\/\/gajos.sk\/eshop\/wp-json\/wp\/v2\/product_cat?post=328058"},{"taxonomy":"product_tag","embeddable":true,"href":"https:\/\/gajos.sk\/eshop\/wp-json\/wp\/v2\/product_tag?post=328058"}],"curies":[{"name":"wp","href":"https:\/\/api.w.org\/{rel}","templated":true}]}}