{"id":328036,"date":"2024-03-01T18:09:54","date_gmt":"2024-03-01T17:09:54","guid":{"rendered":"https:\/\/gajostest.a2hosted.com\/eshop\/chick-tpe-rukavice\/"},"modified":"2026-04-25T21:08:45","modified_gmt":"2026-04-25T19:08:45","slug":"chick-tpe-rukavice","status":"publish","type":"product","link":"https:\/\/gajos.sk\/eshop\/p\/chick-tpe-rukavice\/","title":{"rendered":"CHICK TPE rukavice"},"content":{"rendered":"","protected":false},"excerpt":{"rendered":"<p>Jednor\u00e1zov\u00e9 nepudrovan\u00e9 rukavice z termoplastick\u00e9ho elastomeru (TPE) vhodn\u00e9 pro kr\u00e1tkodob\u00fd styk s potravinami.<br \/>\nTPE rukavice nab\u00edz\u00ed dobrou elasticitu a super m\u011bkkost, mnohem lep\u0161\u00ed ne\u017e norm\u00e1ln\u00ed PE materi\u00e1l. M\u016f\u017ee tak\u00e9 nahradit vinylov\u00e9 rukavice v n\u011bkter\u00fdch aplikac\u00edch, zejm\u00e9na p\u0159i manipulaci s potravinami.<\/p>\n","protected":false},"featured_media":328038,"template":"","meta":{"_acf_changed":false,"inline_featured_image":false},"product_brand":[],"product_cat":[2175],"product_tag":[1179],"class_list":{"0":"post-328036","1":"product","2":"type-product","3":"status-publish","4":"has-post-thumbnail","6":"product_cat-produkty","7":"product_tag-cerva","8":"pa_farba-cierna","9":"pa_farba-cira","10":"pa_velkost-3051","11":"pa_velkost-3052","12":"pa_velkost-3057","13":"pa_velkost-3058","15":"first","16":"instock","17":"taxable","18":"shipping-taxable","19":"purchasable","20":"product-type-variable"},"acf":[],"_links":{"self":[{"href":"https:\/\/gajos.sk\/eshop\/wp-json\/wp\/v2\/product\/328036","targetHints":{"allow":["GET"]}}],"collection":[{"href":"https:\/\/gajos.sk\/eshop\/wp-json\/wp\/v2\/product"}],"about":[{"href":"https:\/\/gajos.sk\/eshop\/wp-json\/wp\/v2\/types\/product"}],"wp:featuredmedia":[{"embeddable":true,"href":"https:\/\/gajos.sk\/eshop\/wp-json\/wp\/v2\/media\/328038"}],"wp:attachment":[{"href":"https:\/\/gajos.sk\/eshop\/wp-json\/wp\/v2\/media?parent=328036"}],"wp:term":[{"taxonomy":"product_brand","embeddable":true,"href":"https:\/\/gajos.sk\/eshop\/wp-json\/wp\/v2\/product_brand?post=328036"},{"taxonomy":"product_cat","embeddable":true,"href":"https:\/\/gajos.sk\/eshop\/wp-json\/wp\/v2\/product_cat?post=328036"},{"taxonomy":"product_tag","embeddable":true,"href":"https:\/\/gajos.sk\/eshop\/wp-json\/wp\/v2\/product_tag?post=328036"}],"curies":[{"name":"wp","href":"https:\/\/api.w.org\/{rel}","templated":true}]}}