{"id":328030,"date":"2024-03-01T18:09:54","date_gmt":"2024-03-01T17:09:54","guid":{"rendered":"https:\/\/gajostest.a2hosted.com\/eshop\/boorne-nepudrovane-rukavice\/"},"modified":"2026-04-15T21:09:11","modified_gmt":"2026-04-15T19:09:11","slug":"boorne-nepudrovane-rukavice","status":"publish","type":"product","link":"https:\/\/gajos.sk\/eshop\/p\/boorne-nepudrovane-rukavice\/","title":{"rendered":"BOORNE nepudrovan\u00e9 rukavice"},"content":{"rendered":"","protected":false},"excerpt":{"rendered":"<p>Jednorazov\u00e9 vinylov\u00e9 nepudrovan\u00e9 rukavice vhodn\u00e9 na kr\u00e1tky kontakt s netukov\u00fdmi potravinami. Box se 100ks.<\/p>\n","protected":false},"featured_media":328032,"template":"","meta":{"_acf_changed":false,"inline_featured_image":false},"product_brand":[],"product_cat":[2175],"product_tag":[1274],"class_list":{"0":"post-328030","1":"product","2":"type-product","3":"status-publish","4":"has-post-thumbnail","6":"product_cat-produkty","7":"product_tag-safeworker","8":"pa_velkost-3051","9":"pa_velkost-3052","10":"pa_velkost-3057","11":"pa_velkost-3058","13":"first","14":"instock","15":"taxable","16":"shipping-taxable","17":"purchasable","18":"product-type-variable"},"acf":[],"_links":{"self":[{"href":"https:\/\/gajos.sk\/eshop\/wp-json\/wp\/v2\/product\/328030","targetHints":{"allow":["GET"]}}],"collection":[{"href":"https:\/\/gajos.sk\/eshop\/wp-json\/wp\/v2\/product"}],"about":[{"href":"https:\/\/gajos.sk\/eshop\/wp-json\/wp\/v2\/types\/product"}],"wp:featuredmedia":[{"embeddable":true,"href":"https:\/\/gajos.sk\/eshop\/wp-json\/wp\/v2\/media\/328032"}],"wp:attachment":[{"href":"https:\/\/gajos.sk\/eshop\/wp-json\/wp\/v2\/media?parent=328030"}],"wp:term":[{"taxonomy":"product_brand","embeddable":true,"href":"https:\/\/gajos.sk\/eshop\/wp-json\/wp\/v2\/product_brand?post=328030"},{"taxonomy":"product_cat","embeddable":true,"href":"https:\/\/gajos.sk\/eshop\/wp-json\/wp\/v2\/product_cat?post=328030"},{"taxonomy":"product_tag","embeddable":true,"href":"https:\/\/gajos.sk\/eshop\/wp-json\/wp\/v2\/product_tag?post=328030"}],"curies":[{"name":"wp","href":"https:\/\/api.w.org\/{rel}","templated":true}]}}