{"id":328024,"date":"2024-03-01T18:09:49","date_gmt":"2024-03-01T17:09:49","guid":{"rendered":"https:\/\/gajostest.a2hosted.com\/eshop\/nn-85-nitril-nepudr-rukavice-50ks\/"},"modified":"2026-04-25T21:08:45","modified_gmt":"2026-04-25T19:08:45","slug":"nn-85-nitril-nepudr-rukavice-50ks","status":"publish","type":"product","link":"https:\/\/gajos.sk\/eshop\/p\/nn-85-nitril-nepudr-rukavice-50ks\/","title":{"rendered":"NN 85 nitril.nepudr.rukavice 50ks"},"content":{"rendered":"","protected":false},"excerpt":{"rendered":"<p>\u2022 \u010dierne nepudrovan\u00e9 nitrilov\u00e9 jednorazov\u00e9 rukavice<br \/>\n\u2022 v\u00e1ha 8,5 gramu<br \/>\n\u2022 proti\u0161mykov\u00e1 \u00faprava<br \/>\n\u2022 50 kusov v krabici<br \/>\n\u2022 AQL 1.5<br \/>\n\u2022 vodeodoln\u00e9<br \/>\n\u2022 obojru\u010dn\u00e9<br \/>\n\u2022 odoln\u00e9 vo\u010di chemik\u00e1li\u00e1m, kyselin\u00e1m alebo neketonick\u00fdm rozp\u00fa\u0161\u0165adl\u00e1m<br \/>\n\u2022 vhodn\u00e9 na styk s potravinami<\/p>\n","protected":false},"featured_media":328026,"template":"","meta":{"_acf_changed":false,"inline_featured_image":false},"product_brand":[],"product_cat":[2175],"product_tag":[1546],"class_list":{"0":"post-328024","1":"product","2":"type-product","3":"status-publish","4":"has-post-thumbnail","6":"product_cat-produkty","7":"product_tag-dermik","8":"pa_velkost-3051","9":"pa_velkost-3052","10":"pa_velkost-3057","11":"pa_velkost-3058","13":"first","14":"instock","15":"taxable","16":"shipping-taxable","17":"product-type-variable"},"acf":[],"_links":{"self":[{"href":"https:\/\/gajos.sk\/eshop\/wp-json\/wp\/v2\/product\/328024","targetHints":{"allow":["GET"]}}],"collection":[{"href":"https:\/\/gajos.sk\/eshop\/wp-json\/wp\/v2\/product"}],"about":[{"href":"https:\/\/gajos.sk\/eshop\/wp-json\/wp\/v2\/types\/product"}],"wp:featuredmedia":[{"embeddable":true,"href":"https:\/\/gajos.sk\/eshop\/wp-json\/wp\/v2\/media\/328026"}],"wp:attachment":[{"href":"https:\/\/gajos.sk\/eshop\/wp-json\/wp\/v2\/media?parent=328024"}],"wp:term":[{"taxonomy":"product_brand","embeddable":true,"href":"https:\/\/gajos.sk\/eshop\/wp-json\/wp\/v2\/product_brand?post=328024"},{"taxonomy":"product_cat","embeddable":true,"href":"https:\/\/gajos.sk\/eshop\/wp-json\/wp\/v2\/product_cat?post=328024"},{"taxonomy":"product_tag","embeddable":true,"href":"https:\/\/gajos.sk\/eshop\/wp-json\/wp\/v2\/product_tag?post=328024"}],"curies":[{"name":"wp","href":"https:\/\/api.w.org\/{rel}","templated":true}]}}