{"id":328006,"date":"2024-03-01T18:09:37","date_gmt":"2024-03-01T17:09:37","guid":{"rendered":"https:\/\/gajostest.a2hosted.com\/eshop\/lb53-latex-nepudr-rukavice-100ks\/"},"modified":"2026-04-11T17:47:04","modified_gmt":"2026-04-11T15:47:04","slug":"lb53-latex-nepudr-rukavice-100ks","status":"publish","type":"product","link":"https:\/\/gajos.sk\/eshop\/p\/lb53-latex-nepudr-rukavice-100ks\/","title":{"rendered":"LB53 latex.nepudr.rukavice 100ks"},"content":{"rendered":"","protected":false},"excerpt":{"rendered":"<p>Chr\u00e1ni proti chemick\u00fdch v\u00fdrobkov v s\u00falade s harmonizovanou normou EN 37472. Vyroben\u00e9 z latexu, ktor\u00fd m\u00f4\u017ee u niektor\u00fdch os\u00f4b sp\u00f4sobova\u0165 alergie. Vodotesn\u00e9; obojru\u010dn\u00e9; nesteriln\u00e9; AQL 1.5; obratnos\u0165 5 (minim\u00e1lne 0, maxim\u00e1lne 5).<\/p>\n","protected":false},"featured_media":328008,"template":"","meta":{"_acf_changed":false,"inline_featured_image":false},"product_brand":[],"product_cat":[2175],"product_tag":[1546],"class_list":{"0":"post-328006","1":"product","2":"type-product","3":"status-publish","4":"has-post-thumbnail","6":"product_cat-produkty","7":"product_tag-dermik","8":"pa_velkost-3051","9":"pa_velkost-3052","10":"pa_velkost-3057","11":"pa_velkost-3058","13":"first","14":"instock","15":"taxable","16":"shipping-taxable","17":"product-type-variable"},"acf":[],"_links":{"self":[{"href":"https:\/\/gajos.sk\/eshop\/wp-json\/wp\/v2\/product\/328006","targetHints":{"allow":["GET"]}}],"collection":[{"href":"https:\/\/gajos.sk\/eshop\/wp-json\/wp\/v2\/product"}],"about":[{"href":"https:\/\/gajos.sk\/eshop\/wp-json\/wp\/v2\/types\/product"}],"wp:featuredmedia":[{"embeddable":true,"href":"https:\/\/gajos.sk\/eshop\/wp-json\/wp\/v2\/media\/328008"}],"wp:attachment":[{"href":"https:\/\/gajos.sk\/eshop\/wp-json\/wp\/v2\/media?parent=328006"}],"wp:term":[{"taxonomy":"product_brand","embeddable":true,"href":"https:\/\/gajos.sk\/eshop\/wp-json\/wp\/v2\/product_brand?post=328006"},{"taxonomy":"product_cat","embeddable":true,"href":"https:\/\/gajos.sk\/eshop\/wp-json\/wp\/v2\/product_cat?post=328006"},{"taxonomy":"product_tag","embeddable":true,"href":"https:\/\/gajos.sk\/eshop\/wp-json\/wp\/v2\/product_tag?post=328006"}],"curies":[{"name":"wp","href":"https:\/\/api.w.org\/{rel}","templated":true}]}}