{"id":327978,"date":"2024-03-01T18:09:28","date_gmt":"2024-03-01T17:09:28","guid":{"rendered":"https:\/\/gajostest.a2hosted.com\/eshop\/6080hr-nitril-nepudr-rukavice-50ks\/"},"modified":"2026-04-11T17:47:04","modified_gmt":"2026-04-11T15:47:04","slug":"6080hr-nitril-nepudr-rukavice-50ks","status":"publish","type":"product","link":"https:\/\/gajos.sk\/eshop\/p\/6080hr-nitril-nepudr-rukavice-50ks\/","title":{"rendered":"6080HR nitril.nepudr.rukavice 50ks"},"content":{"rendered":"","protected":false},"excerpt":{"rendered":"<p>Povrch z nitrilovej gumy, ktor\u00fd je ve\u013emi odoln\u00fd vo\u010di olejom, maziv\u00e1m a ropn\u00fdm produktom.Odoln\u00fd vo\u010di chemik\u00e1li\u00e1m, kyselin\u00e1m a neketonick\u00fdm rozp\u00fa\u0161\u0165adl\u00e1m; obojru\u010dn\u00e9; AQL 1.5; vn\u00fatraj\u0161ok bez p\u00fadru nesp\u00f4sobuje alergie; d\u013a\u017eka 30 cm a hr\u00fabka 0,38 kv\u00f4li lep\u0161ej ochrane a \u017eivotnosti.<\/p>\n","protected":false},"featured_media":327980,"template":"","meta":{"_acf_changed":false,"inline_featured_image":false},"product_brand":[],"product_cat":[2175],"product_tag":[1546],"class_list":{"0":"post-327978","1":"product","2":"type-product","3":"status-publish","4":"has-post-thumbnail","6":"product_cat-produkty","7":"product_tag-dermik","8":"pa_velkost-3058","9":"pa_velkost-3050","10":"pa_velkost-3051","11":"pa_velkost-3052","12":"pa_velkost-3057","14":"first","15":"instock","16":"taxable","17":"shipping-taxable","18":"product-type-variable"},"acf":[],"_links":{"self":[{"href":"https:\/\/gajos.sk\/eshop\/wp-json\/wp\/v2\/product\/327978","targetHints":{"allow":["GET"]}}],"collection":[{"href":"https:\/\/gajos.sk\/eshop\/wp-json\/wp\/v2\/product"}],"about":[{"href":"https:\/\/gajos.sk\/eshop\/wp-json\/wp\/v2\/types\/product"}],"wp:featuredmedia":[{"embeddable":true,"href":"https:\/\/gajos.sk\/eshop\/wp-json\/wp\/v2\/media\/327980"}],"wp:attachment":[{"href":"https:\/\/gajos.sk\/eshop\/wp-json\/wp\/v2\/media?parent=327978"}],"wp:term":[{"taxonomy":"product_brand","embeddable":true,"href":"https:\/\/gajos.sk\/eshop\/wp-json\/wp\/v2\/product_brand?post=327978"},{"taxonomy":"product_cat","embeddable":true,"href":"https:\/\/gajos.sk\/eshop\/wp-json\/wp\/v2\/product_cat?post=327978"},{"taxonomy":"product_tag","embeddable":true,"href":"https:\/\/gajos.sk\/eshop\/wp-json\/wp\/v2\/product_tag?post=327978"}],"curies":[{"name":"wp","href":"https:\/\/api.w.org\/{rel}","templated":true}]}}