{"id":327939,"date":"2024-03-01T18:09:08","date_gmt":"2024-03-01T17:09:08","guid":{"rendered":"https:\/\/gajostest.a2hosted.com\/eshop\/ansell-93-250-touch-n-tuff\/"},"modified":"2026-04-23T21:08:40","modified_gmt":"2026-04-23T19:08:40","slug":"ansell-93-250-touch-n-tuff","status":"publish","type":"product","link":"https:\/\/gajos.sk\/eshop\/p\/ansell-93-250-touch-n-tuff\/","title":{"rendered":"Ansell 93-250 Touch N Tuff"},"content":{"rendered":"","protected":false},"excerpt":{"rendered":"<p>Nepudrovan\u00e9 nitrilov\u00e9 rukavice s Ansell Grip Technology\u2122. Hr\u00fabka 0,12 mm. D\u013a\u017eka 240 mm.<\/p>\n","protected":false},"featured_media":327941,"template":"","meta":{"_acf_changed":false,"inline_featured_image":false},"product_brand":[],"product_cat":[3517,2175],"product_tag":[1219],"class_list":{"0":"post-327939","1":"product","2":"type-product","3":"status-publish","4":"has-post-thumbnail","6":"product_cat-jednorazove","7":"product_cat-produkty","8":"product_tag-ansell","9":"pa_velkost-3052","10":"pa_velkost-3057","11":"pa_velkost-3058","12":"pa_velkost-3051","14":"first","15":"instock","16":"taxable","17":"shipping-taxable","18":"purchasable","19":"product-type-variable"},"acf":[],"_links":{"self":[{"href":"https:\/\/gajos.sk\/eshop\/wp-json\/wp\/v2\/product\/327939","targetHints":{"allow":["GET"]}}],"collection":[{"href":"https:\/\/gajos.sk\/eshop\/wp-json\/wp\/v2\/product"}],"about":[{"href":"https:\/\/gajos.sk\/eshop\/wp-json\/wp\/v2\/types\/product"}],"wp:featuredmedia":[{"embeddable":true,"href":"https:\/\/gajos.sk\/eshop\/wp-json\/wp\/v2\/media\/327941"}],"wp:attachment":[{"href":"https:\/\/gajos.sk\/eshop\/wp-json\/wp\/v2\/media?parent=327939"}],"wp:term":[{"taxonomy":"product_brand","embeddable":true,"href":"https:\/\/gajos.sk\/eshop\/wp-json\/wp\/v2\/product_brand?post=327939"},{"taxonomy":"product_cat","embeddable":true,"href":"https:\/\/gajos.sk\/eshop\/wp-json\/wp\/v2\/product_cat?post=327939"},{"taxonomy":"product_tag","embeddable":true,"href":"https:\/\/gajos.sk\/eshop\/wp-json\/wp\/v2\/product_tag?post=327939"}],"curies":[{"name":"wp","href":"https:\/\/api.w.org\/{rel}","templated":true}]}}