{"id":327935,"date":"2024-03-01T18:09:08","date_gmt":"2024-03-01T17:09:08","guid":{"rendered":"https:\/\/gajostest.a2hosted.com\/eshop\/ff-loon-light-hs-06-002-100x-latex\/"},"modified":"2026-04-11T17:47:04","modified_gmt":"2026-04-11T15:47:04","slug":"ff-loon-light-hs-06-002-100x-latex","status":"publish","type":"product","link":"https:\/\/gajos.sk\/eshop\/p\/ff-loon-light-hs-06-002-100x-latex\/","title":{"rendered":"FF LOON LIGHT HS-06-002 100x latex"},"content":{"rendered":"","protected":false},"excerpt":{"rendered":"<p>Jednorazov\u00e9 latexov\u00e9 pudrovan\u00e9 rukavice vhodn\u00e9 na kr\u00e1tkodob\u00fd styk s potravinami. Rukavice atestovan\u00e9 pre priamy styk s tukov\u00fdmi potravinami.<br \/>\nBox obsahuje 100 ks.<\/p>\n","protected":false},"featured_media":327937,"template":"","meta":{"_acf_changed":false,"inline_featured_image":false},"product_brand":[],"product_cat":[2175],"product_tag":[1228],"class_list":{"0":"post-327935","1":"product","2":"type-product","3":"status-publish","4":"has-post-thumbnail","6":"product_cat-produkty","7":"product_tag-fridrich-fridrich","8":"pa_velkost-3057","9":"pa_velkost-3058","11":"first","12":"instock","13":"taxable","14":"shipping-taxable","15":"product-type-variable"},"acf":[],"_links":{"self":[{"href":"https:\/\/gajos.sk\/eshop\/wp-json\/wp\/v2\/product\/327935","targetHints":{"allow":["GET"]}}],"collection":[{"href":"https:\/\/gajos.sk\/eshop\/wp-json\/wp\/v2\/product"}],"about":[{"href":"https:\/\/gajos.sk\/eshop\/wp-json\/wp\/v2\/types\/product"}],"wp:featuredmedia":[{"embeddable":true,"href":"https:\/\/gajos.sk\/eshop\/wp-json\/wp\/v2\/media\/327937"}],"wp:attachment":[{"href":"https:\/\/gajos.sk\/eshop\/wp-json\/wp\/v2\/media?parent=327935"}],"wp:term":[{"taxonomy":"product_brand","embeddable":true,"href":"https:\/\/gajos.sk\/eshop\/wp-json\/wp\/v2\/product_brand?post=327935"},{"taxonomy":"product_cat","embeddable":true,"href":"https:\/\/gajos.sk\/eshop\/wp-json\/wp\/v2\/product_cat?post=327935"},{"taxonomy":"product_tag","embeddable":true,"href":"https:\/\/gajos.sk\/eshop\/wp-json\/wp\/v2\/product_tag?post=327935"}],"curies":[{"name":"wp","href":"https:\/\/api.w.org\/{rel}","templated":true}]}}