{"id":327908,"date":"2024-03-01T18:07:57","date_gmt":"2024-03-01T17:07:57","guid":{"rendered":"https:\/\/gajostest.a2hosted.com\/eshop\/ansell-92-665-touch-n-tuff\/"},"modified":"2026-04-24T21:09:02","modified_gmt":"2026-04-24T19:09:02","slug":"ansell-92-665-touch-n-tuff","status":"publish","type":"product","link":"https:\/\/gajos.sk\/eshop\/p\/ansell-92-665-touch-n-tuff\/","title":{"rendered":"ANSELL  92-665 Touch N Tuff"},"content":{"rendered":"","protected":false},"excerpt":{"rendered":"<p>Modr\u00e9 jednorazov\u00e9 nepudrovan\u00e9 rukavice zo 100 % 0,12 mm siln\u00e9ho nitrilu bez pr\u00edmes\u00ed, s rolovan\u00fdm okrajom, v celkovej d\u013a\u017eke 24 cm.<\/p>\n","protected":false},"featured_media":327910,"template":"","meta":{"_acf_changed":false,"inline_featured_image":false},"product_brand":[],"product_cat":[2124,3517,2175],"product_tag":[1219],"class_list":{"0":"post-327908","1":"product","2":"type-product","3":"status-publish","4":"has-post-thumbnail","6":"product_cat-rukavice","7":"product_cat-jednorazove","8":"product_cat-produkty","9":"product_tag-ansell","10":"pa_velkost-3052","11":"pa_velkost-3057","12":"pa_velkost-3058","13":"pa_velkost-3051","15":"first","16":"instock","17":"taxable","18":"shipping-taxable","19":"purchasable","20":"product-type-variable"},"acf":[],"_links":{"self":[{"href":"https:\/\/gajos.sk\/eshop\/wp-json\/wp\/v2\/product\/327908","targetHints":{"allow":["GET"]}}],"collection":[{"href":"https:\/\/gajos.sk\/eshop\/wp-json\/wp\/v2\/product"}],"about":[{"href":"https:\/\/gajos.sk\/eshop\/wp-json\/wp\/v2\/types\/product"}],"wp:featuredmedia":[{"embeddable":true,"href":"https:\/\/gajos.sk\/eshop\/wp-json\/wp\/v2\/media\/327910"}],"wp:attachment":[{"href":"https:\/\/gajos.sk\/eshop\/wp-json\/wp\/v2\/media?parent=327908"}],"wp:term":[{"taxonomy":"product_brand","embeddable":true,"href":"https:\/\/gajos.sk\/eshop\/wp-json\/wp\/v2\/product_brand?post=327908"},{"taxonomy":"product_cat","embeddable":true,"href":"https:\/\/gajos.sk\/eshop\/wp-json\/wp\/v2\/product_cat?post=327908"},{"taxonomy":"product_tag","embeddable":true,"href":"https:\/\/gajos.sk\/eshop\/wp-json\/wp\/v2\/product_tag?post=327908"}],"curies":[{"name":"wp","href":"https:\/\/api.w.org\/{rel}","templated":true}]}}