{"id":327896,"date":"2024-03-01T18:07:49","date_gmt":"2024-03-01T17:07:49","guid":{"rendered":"https:\/\/gajostest.a2hosted.com\/eshop\/rubetra-rukavice-jednoraz-latex-nepudr\/"},"modified":"2026-04-11T17:47:03","modified_gmt":"2026-04-11T15:47:03","slug":"rubetra-rukavice-jednoraz-latex-nepudr","status":"publish","type":"product","link":"https:\/\/gajos.sk\/eshop\/p\/rubetra-rukavice-jednoraz-latex-nepudr\/","title":{"rendered":"RUBETRA rukavice jednor\u00e1z.latex nepudr."},"content":{"rendered":"","protected":false},"excerpt":{"rendered":"<p>Jednor\u00e1zov\u00e9 latexov\u00e9 nepudrovan\u00e9 rukavice vhodn\u00e9 pre kr\u00e1tkodob\u00fd styk s potravinami.<\/p>\n","protected":false},"featured_media":327898,"template":"","meta":{"_acf_changed":false,"inline_featured_image":false},"product_brand":[],"product_cat":[2175],"product_tag":[1179],"class_list":{"0":"post-327896","1":"product","2":"type-product","3":"status-publish","4":"has-post-thumbnail","6":"product_cat-produkty","7":"product_tag-cerva","8":"pa_velkost-3051","9":"pa_velkost-3052","10":"pa_velkost-3057","11":"pa_velkost-3058","13":"first","14":"instock","15":"taxable","16":"shipping-taxable","17":"product-type-variable"},"acf":[],"_links":{"self":[{"href":"https:\/\/gajos.sk\/eshop\/wp-json\/wp\/v2\/product\/327896","targetHints":{"allow":["GET"]}}],"collection":[{"href":"https:\/\/gajos.sk\/eshop\/wp-json\/wp\/v2\/product"}],"about":[{"href":"https:\/\/gajos.sk\/eshop\/wp-json\/wp\/v2\/types\/product"}],"wp:featuredmedia":[{"embeddable":true,"href":"https:\/\/gajos.sk\/eshop\/wp-json\/wp\/v2\/media\/327898"}],"wp:attachment":[{"href":"https:\/\/gajos.sk\/eshop\/wp-json\/wp\/v2\/media?parent=327896"}],"wp:term":[{"taxonomy":"product_brand","embeddable":true,"href":"https:\/\/gajos.sk\/eshop\/wp-json\/wp\/v2\/product_brand?post=327896"},{"taxonomy":"product_cat","embeddable":true,"href":"https:\/\/gajos.sk\/eshop\/wp-json\/wp\/v2\/product_cat?post=327896"},{"taxonomy":"product_tag","embeddable":true,"href":"https:\/\/gajos.sk\/eshop\/wp-json\/wp\/v2\/product_tag?post=327896"}],"curies":[{"name":"wp","href":"https:\/\/api.w.org\/{rel}","templated":true}]}}