{"id":327892,"date":"2024-03-01T18:07:49","date_gmt":"2024-03-01T17:07:49","guid":{"rendered":"https:\/\/gajostest.a2hosted.com\/eshop\/duck-blue-hg-rukavice-jr-polyetylenove\/"},"modified":"2026-04-25T21:08:45","modified_gmt":"2026-04-25T19:08:45","slug":"duck-blue-hg-rukavice-jr-polyetylenove","status":"publish","type":"product","link":"https:\/\/gajos.sk\/eshop\/p\/duck-blue-hg-rukavice-jr-polyetylenove\/","title":{"rendered":"DUCK BLUE HG rukavice JR polyetyl\u00e9nov\u00e9"},"content":{"rendered":"","protected":false},"excerpt":{"rendered":"<p>Jednor\u00e1zov\u00e9 rukavice z modrej polyetyl\u00e9novej f\u00f3lie. Balenie sa d\u00e1 z\u00e1vesi\u0165 a obsahuje 100 kusov.<\/p>\n","protected":false},"featured_media":327894,"template":"","meta":{"_acf_changed":false,"inline_featured_image":false},"product_brand":[],"product_cat":[2175],"product_tag":[1179],"class_list":{"0":"post-327892","1":"product","2":"type-product","3":"status-publish","4":"has-post-thumbnail","6":"product_cat-produkty","7":"product_tag-cerva","8":"pa_farba-sv-modra","9":"pa_velkost-3051","10":"pa_velkost-3052","12":"first","13":"instock","14":"taxable","15":"shipping-taxable","16":"purchasable","17":"product-type-variable"},"acf":[],"_links":{"self":[{"href":"https:\/\/gajos.sk\/eshop\/wp-json\/wp\/v2\/product\/327892","targetHints":{"allow":["GET"]}}],"collection":[{"href":"https:\/\/gajos.sk\/eshop\/wp-json\/wp\/v2\/product"}],"about":[{"href":"https:\/\/gajos.sk\/eshop\/wp-json\/wp\/v2\/types\/product"}],"wp:featuredmedia":[{"embeddable":true,"href":"https:\/\/gajos.sk\/eshop\/wp-json\/wp\/v2\/media\/327894"}],"wp:attachment":[{"href":"https:\/\/gajos.sk\/eshop\/wp-json\/wp\/v2\/media?parent=327892"}],"wp:term":[{"taxonomy":"product_brand","embeddable":true,"href":"https:\/\/gajos.sk\/eshop\/wp-json\/wp\/v2\/product_brand?post=327892"},{"taxonomy":"product_cat","embeddable":true,"href":"https:\/\/gajos.sk\/eshop\/wp-json\/wp\/v2\/product_cat?post=327892"},{"taxonomy":"product_tag","embeddable":true,"href":"https:\/\/gajos.sk\/eshop\/wp-json\/wp\/v2\/product_tag?post=327892"}],"curies":[{"name":"wp","href":"https:\/\/api.w.org\/{rel}","templated":true}]}}