{"id":327888,"date":"2024-03-01T18:07:47","date_gmt":"2024-03-01T17:07:47","guid":{"rendered":"https:\/\/gajostest.a2hosted.com\/eshop\/duck-blue-rukavice-jr-polyetylenove\/"},"modified":"2026-04-25T21:08:45","modified_gmt":"2026-04-25T19:08:45","slug":"duck-blue-rukavice-jr-polyetylenove","status":"publish","type":"product","link":"https:\/\/gajos.sk\/eshop\/p\/duck-blue-rukavice-jr-polyetylenove\/","title":{"rendered":"DUCK BLUE rukavice JR polyetyl\u00e9nov\u00e9"},"content":{"rendered":"","protected":false},"excerpt":{"rendered":"<p>karab\u00ednami na lane 10m, kotevn\u00e1 slu\u010dka.&#8220;<\/p>\n","protected":false},"featured_media":327890,"template":"","meta":{"_acf_changed":false,"inline_featured_image":false},"product_brand":[],"product_cat":[2175],"product_tag":[1179],"class_list":{"0":"post-327888","1":"product","2":"type-product","3":"status-publish","4":"has-post-thumbnail","6":"product_cat-produkty","7":"product_tag-cerva","8":"pa_farba-sv-modra","9":"pa_velkost-3051","10":"pa_velkost-3052","12":"first","13":"instock","14":"taxable","15":"shipping-taxable","16":"purchasable","17":"product-type-variable"},"acf":[],"_links":{"self":[{"href":"https:\/\/gajos.sk\/eshop\/wp-json\/wp\/v2\/product\/327888","targetHints":{"allow":["GET"]}}],"collection":[{"href":"https:\/\/gajos.sk\/eshop\/wp-json\/wp\/v2\/product"}],"about":[{"href":"https:\/\/gajos.sk\/eshop\/wp-json\/wp\/v2\/types\/product"}],"wp:featuredmedia":[{"embeddable":true,"href":"https:\/\/gajos.sk\/eshop\/wp-json\/wp\/v2\/media\/327890"}],"wp:attachment":[{"href":"https:\/\/gajos.sk\/eshop\/wp-json\/wp\/v2\/media?parent=327888"}],"wp:term":[{"taxonomy":"product_brand","embeddable":true,"href":"https:\/\/gajos.sk\/eshop\/wp-json\/wp\/v2\/product_brand?post=327888"},{"taxonomy":"product_cat","embeddable":true,"href":"https:\/\/gajos.sk\/eshop\/wp-json\/wp\/v2\/product_cat?post=327888"},{"taxonomy":"product_tag","embeddable":true,"href":"https:\/\/gajos.sk\/eshop\/wp-json\/wp\/v2\/product_tag?post=327888"}],"curies":[{"name":"wp","href":"https:\/\/api.w.org\/{rel}","templated":true}]}}