{"id":327856,"date":"2024-03-01T18:07:31","date_gmt":"2024-03-01T17:07:31","guid":{"rendered":"https:\/\/gajostest.a2hosted.com\/eshop\/ansell-69-318-touch-n-tuf\/"},"modified":"2026-04-23T21:06:43","modified_gmt":"2026-04-23T19:06:43","slug":"ansell-69-318-touch-n-tuf","status":"publish","type":"product","link":"https:\/\/gajos.sk\/eshop\/p\/ansell-69-318-touch-n-tuf\/","title":{"rendered":"Ansell 69-318 Touch N Tuf"},"content":{"rendered":"","protected":false},"excerpt":{"rendered":"<p>Obojru\u010dn\u00e9 jednorazov\u00e9 rukavice z pr\u00edrodn\u00e9ho 0,12 mm siln\u00e9ho latexu, vodeodoln\u00e9, nepudrovan\u00e9.<\/p>\n","protected":false},"featured_media":327858,"template":"","meta":{"_acf_changed":false,"inline_featured_image":false},"product_brand":[],"product_cat":[2124,3517,2175],"product_tag":[1219],"class_list":{"0":"post-327856","1":"product","2":"type-product","3":"status-publish","4":"has-post-thumbnail","6":"product_cat-rukavice","7":"product_cat-jednorazove","8":"product_cat-produkty","9":"product_tag-ansell","10":"pa_velkost-3051","11":"pa_velkost-3057","12":"pa_velkost-3058","13":"pa_velkost-3062","14":"pa_velkost-3076","16":"first","17":"instock","18":"taxable","19":"shipping-taxable","20":"purchasable","21":"product-type-variable"},"acf":[],"_links":{"self":[{"href":"https:\/\/gajos.sk\/eshop\/wp-json\/wp\/v2\/product\/327856","targetHints":{"allow":["GET"]}}],"collection":[{"href":"https:\/\/gajos.sk\/eshop\/wp-json\/wp\/v2\/product"}],"about":[{"href":"https:\/\/gajos.sk\/eshop\/wp-json\/wp\/v2\/types\/product"}],"wp:featuredmedia":[{"embeddable":true,"href":"https:\/\/gajos.sk\/eshop\/wp-json\/wp\/v2\/media\/327858"}],"wp:attachment":[{"href":"https:\/\/gajos.sk\/eshop\/wp-json\/wp\/v2\/media?parent=327856"}],"wp:term":[{"taxonomy":"product_brand","embeddable":true,"href":"https:\/\/gajos.sk\/eshop\/wp-json\/wp\/v2\/product_brand?post=327856"},{"taxonomy":"product_cat","embeddable":true,"href":"https:\/\/gajos.sk\/eshop\/wp-json\/wp\/v2\/product_cat?post=327856"},{"taxonomy":"product_tag","embeddable":true,"href":"https:\/\/gajos.sk\/eshop\/wp-json\/wp\/v2\/product_tag?post=327856"}],"curies":[{"name":"wp","href":"https:\/\/api.w.org\/{rel}","templated":true}]}}