{"id":327851,"date":"2024-03-01T18:07:27","date_gmt":"2024-03-01T17:07:27","guid":{"rendered":"https:\/\/gajostest.a2hosted.com\/eshop\/ansell-69-210-touch-n-tuf\/"},"modified":"2026-04-24T21:08:08","modified_gmt":"2026-04-24T19:08:08","slug":"ansell-69-210-touch-n-tuf","status":"publish","type":"product","link":"https:\/\/gajos.sk\/eshop\/p\/ansell-69-210-touch-n-tuf\/","title":{"rendered":"ANSELL 69-210 Touch N Tuf"},"content":{"rendered":"","protected":false},"excerpt":{"rendered":"<p>Obojru\u010dn\u00e9 jednorazov\u00e9 rukavice z pr\u00edrodn\u00e9ho 0,12 mm siln\u00e9ho latexu, vodeodoln\u00e9, pudrovan\u00e9.<\/p>\n","protected":false},"featured_media":327853,"template":"","meta":{"_acf_changed":false,"inline_featured_image":false},"product_brand":[],"product_cat":[2124,3517,2175],"product_tag":[1219],"class_list":{"0":"post-327851","1":"product","2":"type-product","3":"status-publish","4":"has-post-thumbnail","6":"product_cat-rukavice","7":"product_cat-jednorazove","8":"product_cat-produkty","9":"product_tag-ansell","10":"pa_velkost-3051","11":"pa_velkost-3057","12":"pa_velkost-3058","14":"first","15":"instock","16":"taxable","17":"shipping-taxable","18":"purchasable","19":"product-type-variable"},"acf":[],"_links":{"self":[{"href":"https:\/\/gajos.sk\/eshop\/wp-json\/wp\/v2\/product\/327851","targetHints":{"allow":["GET"]}}],"collection":[{"href":"https:\/\/gajos.sk\/eshop\/wp-json\/wp\/v2\/product"}],"about":[{"href":"https:\/\/gajos.sk\/eshop\/wp-json\/wp\/v2\/types\/product"}],"wp:featuredmedia":[{"embeddable":true,"href":"https:\/\/gajos.sk\/eshop\/wp-json\/wp\/v2\/media\/327853"}],"wp:attachment":[{"href":"https:\/\/gajos.sk\/eshop\/wp-json\/wp\/v2\/media?parent=327851"}],"wp:term":[{"taxonomy":"product_brand","embeddable":true,"href":"https:\/\/gajos.sk\/eshop\/wp-json\/wp\/v2\/product_brand?post=327851"},{"taxonomy":"product_cat","embeddable":true,"href":"https:\/\/gajos.sk\/eshop\/wp-json\/wp\/v2\/product_cat?post=327851"},{"taxonomy":"product_tag","embeddable":true,"href":"https:\/\/gajos.sk\/eshop\/wp-json\/wp\/v2\/product_tag?post=327851"}],"curies":[{"name":"wp","href":"https:\/\/api.w.org\/{rel}","templated":true}]}}