{"id":327835,"date":"2024-03-01T18:07:19","date_gmt":"2024-03-01T17:07:19","guid":{"rendered":"https:\/\/gajostest.a2hosted.com\/eshop\/duck-hg-rukavice-jednorazove\/"},"modified":"2026-04-25T21:08:45","modified_gmt":"2026-04-25T19:08:45","slug":"duck-hg-rukavice-jednorazove","status":"publish","type":"product","link":"https:\/\/gajos.sk\/eshop\/p\/duck-hg-rukavice-jednorazove\/","title":{"rendered":"DUCK HG rukavice jednor\u00e1zov\u00e9"},"content":{"rendered":"","protected":false},"excerpt":{"rendered":"<p>Jednor\u00e1zov\u00e9 rukavice z transparentnej polyetyl\u00e9novej f\u00f3lie.<br \/>\nBalenie je mo\u017en\u00e9 zavesi\u0165 a obsahuje 100 kusov.<\/p>\n","protected":false},"featured_media":327837,"template":"","meta":{"_acf_changed":false,"inline_featured_image":false},"product_brand":[],"product_cat":[2175],"product_tag":[1179],"class_list":{"0":"post-327835","1":"product","2":"type-product","3":"status-publish","4":"has-post-thumbnail","6":"product_cat-produkty","7":"product_tag-cerva","8":"pa_velkost-3052","9":"pa_velkost-3051","11":"first","12":"instock","13":"taxable","14":"shipping-taxable","15":"product-type-variable"},"acf":[],"_links":{"self":[{"href":"https:\/\/gajos.sk\/eshop\/wp-json\/wp\/v2\/product\/327835","targetHints":{"allow":["GET"]}}],"collection":[{"href":"https:\/\/gajos.sk\/eshop\/wp-json\/wp\/v2\/product"}],"about":[{"href":"https:\/\/gajos.sk\/eshop\/wp-json\/wp\/v2\/types\/product"}],"wp:featuredmedia":[{"embeddable":true,"href":"https:\/\/gajos.sk\/eshop\/wp-json\/wp\/v2\/media\/327837"}],"wp:attachment":[{"href":"https:\/\/gajos.sk\/eshop\/wp-json\/wp\/v2\/media?parent=327835"}],"wp:term":[{"taxonomy":"product_brand","embeddable":true,"href":"https:\/\/gajos.sk\/eshop\/wp-json\/wp\/v2\/product_brand?post=327835"},{"taxonomy":"product_cat","embeddable":true,"href":"https:\/\/gajos.sk\/eshop\/wp-json\/wp\/v2\/product_cat?post=327835"},{"taxonomy":"product_tag","embeddable":true,"href":"https:\/\/gajos.sk\/eshop\/wp-json\/wp\/v2\/product_tag?post=327835"}],"curies":[{"name":"wp","href":"https:\/\/api.w.org\/{rel}","templated":true}]}}