{"id":327793,"date":"2024-03-01T18:07:04","date_gmt":"2024-03-01T17:07:04","guid":{"rendered":"https:\/\/gajostest.a2hosted.com\/eshop\/ansell-edge-48-128-rukavice\/"},"modified":"2026-04-23T21:06:43","modified_gmt":"2026-04-23T19:06:43","slug":"ansell-edge-48-128-rukavice","status":"publish","type":"product","link":"https:\/\/gajos.sk\/eshop\/p\/ansell-edge-48-128-rukavice\/","title":{"rendered":"Ansell EDGE 48-128 rukavice"},"content":{"rendered":"","protected":false},"excerpt":{"rendered":"<p>Lep\u0161\u00ed alternativy k bavln\u011bn\u00fdm rukavic\u00edm pro nen\u00e1ro\u010dn\u00e9 nebo st\u0159edn\u011b n\u00e1ro\u010dn\u00e9 \u00fakony d\u00edky nitrilov\u00e9mu povrstven\u00ed, kter\u00e9 nab\u00edz\u00ed mnohem lep\u0161\u00ed \u00fachop, tlumen\u00ed n\u00e1raz\u016f a dlouhodobou odolnost proti od\u011bru.<\/p>\n<p>    Velmi lehk\u00e9 a pohodln\u00e9<br \/>\n    Vysok\u00e1 obratnost a pru\u017enost<br \/>\n    Dobr\u00e1 \u00farove\u0148 ochrany proti od\u011bru a odolnosti proti olej\u016fm<br \/>\n    Na tmav\u00fdch rukavic\u00edch se kontaminace ne\u010distotami projevuje pomaleji<\/p>\n","protected":false},"featured_media":327795,"template":"","meta":{"_acf_changed":false,"inline_featured_image":false},"product_brand":[],"product_cat":[2138,2137,2124],"product_tag":[1219],"class_list":{"0":"post-327793","1":"product","2":"type-product","3":"status-publish","4":"has-post-thumbnail","6":"product_cat-vrstvene-site-rukavice","7":"product_cat-macane-a-povrstvene","8":"product_cat-rukavice","9":"product_tag-ansell","10":"pa_velkost-3050","11":"pa_velkost-3051","12":"pa_velkost-3052","13":"pa_velkost-3057","14":"pa_velkost-3058","15":"pa_velkost-3062","17":"first","18":"instock","19":"taxable","20":"shipping-taxable","21":"purchasable","22":"product-type-variable"},"acf":[],"_links":{"self":[{"href":"https:\/\/gajos.sk\/eshop\/wp-json\/wp\/v2\/product\/327793","targetHints":{"allow":["GET"]}}],"collection":[{"href":"https:\/\/gajos.sk\/eshop\/wp-json\/wp\/v2\/product"}],"about":[{"href":"https:\/\/gajos.sk\/eshop\/wp-json\/wp\/v2\/types\/product"}],"wp:featuredmedia":[{"embeddable":true,"href":"https:\/\/gajos.sk\/eshop\/wp-json\/wp\/v2\/media\/327795"}],"wp:attachment":[{"href":"https:\/\/gajos.sk\/eshop\/wp-json\/wp\/v2\/media?parent=327793"}],"wp:term":[{"taxonomy":"product_brand","embeddable":true,"href":"https:\/\/gajos.sk\/eshop\/wp-json\/wp\/v2\/product_brand?post=327793"},{"taxonomy":"product_cat","embeddable":true,"href":"https:\/\/gajos.sk\/eshop\/wp-json\/wp\/v2\/product_cat?post=327793"},{"taxonomy":"product_tag","embeddable":true,"href":"https:\/\/gajos.sk\/eshop\/wp-json\/wp\/v2\/product_tag?post=327793"}],"curies":[{"name":"wp","href":"https:\/\/api.w.org\/{rel}","templated":true}]}}