{"id":327769,"date":"2024-03-01T18:05:51","date_gmt":"2024-03-01T17:05:51","guid":{"rendered":"https:\/\/gajostest.a2hosted.com\/eshop\/tb-500az-uretan-rukavice\/"},"modified":"2026-04-25T21:08:45","modified_gmt":"2026-04-25T19:08:45","slug":"tb-500az-uretan-rukavice","status":"publish","type":"product","link":"https:\/\/gajos.sk\/eshop\/p\/tb-500az-uretan-rukavice\/","title":{"rendered":"TB 500AZ URETAN rukavice"},"content":{"rendered":"","protected":false},"excerpt":{"rendered":"<p>Nylonov\u00e9 (polyamidov\u00e9) rukavice velmi odoln\u00e9 proti od\u011bru.<\/p>\n<p>Beze\u0161v\u00fd \u00faplet poskytuje v\u011bt\u0161\u00ed pohodl\u00ed a zabra\u0148uje podr\u00e1\u017ed\u011bn\u00ed.<\/p>\n<p>Polyuretanov\u00e9 m\u00e1\u010den\u00ed poskytuje materi\u00e1lu vynikaj\u00edc\u00ed elasticitu a obratnost.<\/p>\n<p>Vyzna\u010duje se vysokou \u00farovn\u00ed odolnosti proti od\u011bru.<\/p>\n<p>Certifikov\u00e1no v potravin\u00e1\u0159stv\u00ed.<\/p>\n<p>\u00darove\u0148 obratnosti 5<\/p>\n","protected":false},"featured_media":327771,"template":"","meta":{"_acf_changed":false,"inline_featured_image":false},"product_brand":[],"product_cat":[2138,2137,2124],"product_tag":[1253],"class_list":{"0":"post-327769","1":"product","2":"type-product","3":"status-publish","4":"has-post-thumbnail","6":"product_cat-vrstvene-site-rukavice","7":"product_cat-macane-a-povrstvene","8":"product_cat-rukavice","9":"product_tag-tomas-bodero","10":"pa_velkost-3052","11":"pa_velkost-3057","12":"pa_velkost-3058","13":"pa_velkost-3062","14":"pa_velkost-3050","15":"pa_velkost-3051","17":"first","18":"instock","19":"taxable","20":"shipping-taxable","21":"product-type-variable"},"acf":[],"_links":{"self":[{"href":"https:\/\/gajos.sk\/eshop\/wp-json\/wp\/v2\/product\/327769","targetHints":{"allow":["GET"]}}],"collection":[{"href":"https:\/\/gajos.sk\/eshop\/wp-json\/wp\/v2\/product"}],"about":[{"href":"https:\/\/gajos.sk\/eshop\/wp-json\/wp\/v2\/types\/product"}],"wp:featuredmedia":[{"embeddable":true,"href":"https:\/\/gajos.sk\/eshop\/wp-json\/wp\/v2\/media\/327771"}],"wp:attachment":[{"href":"https:\/\/gajos.sk\/eshop\/wp-json\/wp\/v2\/media?parent=327769"}],"wp:term":[{"taxonomy":"product_brand","embeddable":true,"href":"https:\/\/gajos.sk\/eshop\/wp-json\/wp\/v2\/product_brand?post=327769"},{"taxonomy":"product_cat","embeddable":true,"href":"https:\/\/gajos.sk\/eshop\/wp-json\/wp\/v2\/product_cat?post=327769"},{"taxonomy":"product_tag","embeddable":true,"href":"https:\/\/gajos.sk\/eshop\/wp-json\/wp\/v2\/product_tag?post=327769"}],"curies":[{"name":"wp","href":"https:\/\/api.w.org\/{rel}","templated":true}]}}