{"id":327761,"date":"2024-03-01T18:05:45","date_gmt":"2024-03-01T17:05:45","guid":{"rendered":"https:\/\/gajostest.a2hosted.com\/eshop\/tb-500st-nevercut-rukavice\/"},"modified":"2026-04-25T21:08:45","modified_gmt":"2026-04-25T19:08:45","slug":"tb-500st-nevercut-rukavice","status":"publish","type":"product","link":"https:\/\/gajos.sk\/eshop\/p\/tb-500st-nevercut-rukavice\/","title":{"rendered":"TB 500ST NEVERCUT rukavice"},"content":{"rendered":"","protected":false},"excerpt":{"rendered":"<p>Rukavice z \u0161ed\u00e9ho beze\u0161v\u00e9ho nylonu s para-aramidem a s uhl\u00edkov\u00fdmi vl\u00e1kny.<br \/>\n\u0160ed\u00fd polyuretanov\u00fd povlak na dlani.<\/p>\n<p>Karbonov\u00e1 vl\u00e1kna poskytuj\u00ed antistatick\u00e9 vlastnosti.<br \/>\nOdpor = 10^7\u03a9.<br \/>\nSm\u011bs Kevlar\u00ae poskytuje ochranu proti pro\u0159\u00edznut\u00ed a teplu.<br \/>\nPolyuretanov\u00fd povlak zaji\u0161\u0165uje dobr\u00fd \u00fachop.<br \/>\nPoskytuj\u00ed vysokou \u00farove\u0148 odolnosti proti od\u011bru.<br \/>\nNeobsahuje silikon.<\/p>\n","protected":false},"featured_media":327763,"template":"","meta":{"_acf_changed":false,"inline_featured_image":false},"product_brand":[],"product_cat":[2138,2137,2124],"product_tag":[1253],"class_list":{"0":"post-327761","1":"product","2":"type-product","3":"status-publish","4":"has-post-thumbnail","6":"product_cat-vrstvene-site-rukavice","7":"product_cat-macane-a-povrstvene","8":"product_cat-rukavice","9":"product_tag-tomas-bodero","10":"pa_velkost-3050","11":"pa_velkost-3051","12":"pa_velkost-3052","13":"pa_velkost-3057","14":"pa_velkost-3058","15":"pa_velkost-3062","17":"first","18":"instock","19":"taxable","20":"shipping-taxable","21":"purchasable","22":"product-type-variable"},"acf":[],"_links":{"self":[{"href":"https:\/\/gajos.sk\/eshop\/wp-json\/wp\/v2\/product\/327761","targetHints":{"allow":["GET"]}}],"collection":[{"href":"https:\/\/gajos.sk\/eshop\/wp-json\/wp\/v2\/product"}],"about":[{"href":"https:\/\/gajos.sk\/eshop\/wp-json\/wp\/v2\/types\/product"}],"wp:featuredmedia":[{"embeddable":true,"href":"https:\/\/gajos.sk\/eshop\/wp-json\/wp\/v2\/media\/327763"}],"wp:attachment":[{"href":"https:\/\/gajos.sk\/eshop\/wp-json\/wp\/v2\/media?parent=327761"}],"wp:term":[{"taxonomy":"product_brand","embeddable":true,"href":"https:\/\/gajos.sk\/eshop\/wp-json\/wp\/v2\/product_brand?post=327761"},{"taxonomy":"product_cat","embeddable":true,"href":"https:\/\/gajos.sk\/eshop\/wp-json\/wp\/v2\/product_cat?post=327761"},{"taxonomy":"product_tag","embeddable":true,"href":"https:\/\/gajos.sk\/eshop\/wp-json\/wp\/v2\/product_tag?post=327761"}],"curies":[{"name":"wp","href":"https:\/\/api.w.org\/{rel}","templated":true}]}}