{"id":327747,"date":"2024-03-01T18:05:36","date_gmt":"2024-03-01T17:05:36","guid":{"rendered":"https:\/\/gajostest.a2hosted.com\/eshop\/tb-760-coldgrip-rukavice\/"},"modified":"2026-04-25T21:08:45","modified_gmt":"2026-04-25T19:08:45","slug":"tb-760-coldgrip-rukavice","status":"publish","type":"product","link":"https:\/\/gajos.sk\/eshop\/p\/tb-760-coldgrip-rukavice\/","title":{"rendered":"TB 760 COLDGRIP rukavice"},"content":{"rendered":"","protected":false},"excerpt":{"rendered":"<p>Rukavice z modr\u00e9ho polyesteru a elastanu.<br \/>\nCelom\u00e1\u010den\u00e9 v modr\u00e9m latexu.<br \/>\nP\u00edskovan\u00fd latexov\u00fd \u010dern\u00fd povlak na dlani.<br \/>\n\u010cern\u00e1 akrylov\u00e1 pod\u0161\u00edvka.<br \/>\nPleten\u00e9 z\u00e1p\u011bst\u00ed.<br \/>\nPolyester s elastomerem: maxim\u00e1ln\u00ed pohodl\u00ed.<br \/>\nP\u00edskov\u00fd latexov\u00fd povlak zvy\u0161uje odolnost a p\u0159ilnavost.<br \/>\nAkrylov\u00fd vnit\u0159ek zvy\u0161uje tepeln\u00e9 vlastnosti.<br \/>\n100% vodot\u011bsn\u00fd: nab\u00edz\u00ed skv\u011blou ochranu proti tekutin\u00e1m.<\/p>\n","protected":false},"featured_media":327749,"template":"","meta":{"_acf_changed":false,"inline_featured_image":false},"product_brand":[],"product_cat":[2138,2137,2124],"product_tag":[1253],"class_list":{"0":"post-327747","1":"product","2":"type-product","3":"status-publish","4":"has-post-thumbnail","6":"product_cat-vrstvene-site-rukavice","7":"product_cat-macane-a-povrstvene","8":"product_cat-rukavice","9":"product_tag-tomas-bodero","10":"pa_velkost-3050","11":"pa_velkost-3051","12":"pa_velkost-3052","13":"pa_velkost-3057","14":"pa_velkost-3058","16":"first","17":"instock","18":"taxable","19":"shipping-taxable","20":"purchasable","21":"product-type-variable"},"acf":[],"_links":{"self":[{"href":"https:\/\/gajos.sk\/eshop\/wp-json\/wp\/v2\/product\/327747","targetHints":{"allow":["GET"]}}],"collection":[{"href":"https:\/\/gajos.sk\/eshop\/wp-json\/wp\/v2\/product"}],"about":[{"href":"https:\/\/gajos.sk\/eshop\/wp-json\/wp\/v2\/types\/product"}],"wp:featuredmedia":[{"embeddable":true,"href":"https:\/\/gajos.sk\/eshop\/wp-json\/wp\/v2\/media\/327749"}],"wp:attachment":[{"href":"https:\/\/gajos.sk\/eshop\/wp-json\/wp\/v2\/media?parent=327747"}],"wp:term":[{"taxonomy":"product_brand","embeddable":true,"href":"https:\/\/gajos.sk\/eshop\/wp-json\/wp\/v2\/product_brand?post=327747"},{"taxonomy":"product_cat","embeddable":true,"href":"https:\/\/gajos.sk\/eshop\/wp-json\/wp\/v2\/product_cat?post=327747"},{"taxonomy":"product_tag","embeddable":true,"href":"https:\/\/gajos.sk\/eshop\/wp-json\/wp\/v2\/product_tag?post=327747"}],"curies":[{"name":"wp","href":"https:\/\/api.w.org\/{rel}","templated":true}]}}