{"id":327740,"date":"2024-03-01T18:05:33","date_gmt":"2024-03-01T17:05:33","guid":{"rendered":"https:\/\/gajostest.a2hosted.com\/eshop\/ortalis-3-4-protirez-f-rukavice\/"},"modified":"2026-04-25T21:08:45","modified_gmt":"2026-04-25T19:08:45","slug":"ortalis-3-4-protirez-f-rukavice","status":"publish","type":"product","link":"https:\/\/gajos.sk\/eshop\/p\/ortalis-3-4-protirez-f-rukavice\/","title":{"rendered":"ORTALIS 3\/4  proti\u0159ez. F rukavice"},"content":{"rendered":"","protected":false},"excerpt":{"rendered":"<p>Pleten\u00e9 bez\u0161v\u00edkov\u00e9 rukavice s 3\/4 m\u00e1\u010dan\u00edm v mikropor\u00e9znom nitrile s ochranou vo\u010di rezu F.<br \/>\nZosilnenie v oblasti medzi palcom a ukazov\u00e1kom pre dlh\u0161iu \u017eivotnos\u0165 rukavice.<br \/>\nVhodn\u00e9 pre manipul\u00e1ciu s ostr\u00fdmi a mastn\u00fdmi dielmi, manipul\u00e1cia so sklom alebo opracovanie mastn\u00fdch kovov a plechov.<\/p>\n","protected":false},"featured_media":327742,"template":"","meta":{"_acf_changed":false,"inline_featured_image":false},"product_brand":[],"product_cat":[2138,2137,2124],"product_tag":[1179],"class_list":{"0":"post-327740","1":"product","2":"type-product","3":"status-publish","4":"has-post-thumbnail","6":"product_cat-vrstvene-site-rukavice","7":"product_cat-macane-a-povrstvene","8":"product_cat-rukavice","9":"product_tag-cerva","10":"pa_velkost-3050","11":"pa_velkost-3051","12":"pa_velkost-3052","13":"pa_velkost-3057","14":"pa_velkost-3058","16":"first","17":"instock","18":"taxable","19":"shipping-taxable","20":"purchasable","21":"product-type-variable"},"acf":[],"_links":{"self":[{"href":"https:\/\/gajos.sk\/eshop\/wp-json\/wp\/v2\/product\/327740","targetHints":{"allow":["GET"]}}],"collection":[{"href":"https:\/\/gajos.sk\/eshop\/wp-json\/wp\/v2\/product"}],"about":[{"href":"https:\/\/gajos.sk\/eshop\/wp-json\/wp\/v2\/types\/product"}],"wp:featuredmedia":[{"embeddable":true,"href":"https:\/\/gajos.sk\/eshop\/wp-json\/wp\/v2\/media\/327742"}],"wp:attachment":[{"href":"https:\/\/gajos.sk\/eshop\/wp-json\/wp\/v2\/media?parent=327740"}],"wp:term":[{"taxonomy":"product_brand","embeddable":true,"href":"https:\/\/gajos.sk\/eshop\/wp-json\/wp\/v2\/product_brand?post=327740"},{"taxonomy":"product_cat","embeddable":true,"href":"https:\/\/gajos.sk\/eshop\/wp-json\/wp\/v2\/product_cat?post=327740"},{"taxonomy":"product_tag","embeddable":true,"href":"https:\/\/gajos.sk\/eshop\/wp-json\/wp\/v2\/product_tag?post=327740"}],"curies":[{"name":"wp","href":"https:\/\/api.w.org\/{rel}","templated":true}]}}