{"id":327712,"date":"2024-03-01T18:05:23","date_gmt":"2024-03-01T17:05:23","guid":{"rendered":"https:\/\/gajostest.a2hosted.com\/eshop\/brujni-3-4-protirez-b-rukavice\/"},"modified":"2026-04-25T21:08:45","modified_gmt":"2026-04-25T19:08:45","slug":"brujni-3-4-protirez-b-rukavice","status":"publish","type":"product","link":"https:\/\/gajos.sk\/eshop\/p\/brujni-3-4-protirez-b-rukavice\/","title":{"rendered":"BRUJNI 3\/4 proti\u0159ez.B rukavice"},"content":{"rendered":"","protected":false},"excerpt":{"rendered":"<p>Pleten\u00e9 bez\u0161vov\u00e9 rukavice s 3\/4 m\u00e1\u010dan\u00edm v pieskovom nitrile s ochranou proti prerezaniu B. S v\u00fdstu\u017eou v rozkroku medzi palcom a ukazov\u00e1kom.<br \/>\nVhodn\u00e9 na manipul\u00e1ciu s ostr\u00fdmi a mastn\u00fdmi v\u00fdrobkami, manipul\u00e1ciu so sklom, spracovanie s mastn\u00fdmi kovov\u00fdmi dielmi a plechmi alebo \u00fadr\u017ebu strojov.<br \/>\nRukavice neobsahuj\u00fa sklenen\u00e9 ani oce\u013eov\u00e9 vl\u00e1kno a sp\u013a\u0148aj\u00fa Oeko-Tex.<\/p>\n","protected":false},"featured_media":327714,"template":"","meta":{"_acf_changed":false,"inline_featured_image":false},"product_brand":[],"product_cat":[2138,2137,2124],"product_tag":[1179],"class_list":{"0":"post-327712","1":"product","2":"type-product","3":"status-publish","4":"has-post-thumbnail","6":"product_cat-vrstvene-site-rukavice","7":"product_cat-macane-a-povrstvene","8":"product_cat-rukavice","9":"product_tag-cerva","10":"pa_velkost-3050","11":"pa_velkost-3051","12":"pa_velkost-3052","13":"pa_velkost-3057","14":"pa_velkost-3058","16":"first","17":"instock","18":"taxable","19":"shipping-taxable","20":"purchasable","21":"product-type-variable"},"acf":[],"_links":{"self":[{"href":"https:\/\/gajos.sk\/eshop\/wp-json\/wp\/v2\/product\/327712","targetHints":{"allow":["GET"]}}],"collection":[{"href":"https:\/\/gajos.sk\/eshop\/wp-json\/wp\/v2\/product"}],"about":[{"href":"https:\/\/gajos.sk\/eshop\/wp-json\/wp\/v2\/types\/product"}],"wp:featuredmedia":[{"embeddable":true,"href":"https:\/\/gajos.sk\/eshop\/wp-json\/wp\/v2\/media\/327714"}],"wp:attachment":[{"href":"https:\/\/gajos.sk\/eshop\/wp-json\/wp\/v2\/media?parent=327712"}],"wp:term":[{"taxonomy":"product_brand","embeddable":true,"href":"https:\/\/gajos.sk\/eshop\/wp-json\/wp\/v2\/product_brand?post=327712"},{"taxonomy":"product_cat","embeddable":true,"href":"https:\/\/gajos.sk\/eshop\/wp-json\/wp\/v2\/product_cat?post=327712"},{"taxonomy":"product_tag","embeddable":true,"href":"https:\/\/gajos.sk\/eshop\/wp-json\/wp\/v2\/product_tag?post=327712"}],"curies":[{"name":"wp","href":"https:\/\/api.w.org\/{rel}","templated":true}]}}