{"id":327705,"date":"2024-03-01T18:05:20","date_gmt":"2024-03-01T17:05:20","guid":{"rendered":"https:\/\/gajostest.a2hosted.com\/eshop\/brujni-palm-protirez-b-rukavice\/"},"modified":"2026-04-25T21:08:45","modified_gmt":"2026-04-25T19:08:45","slug":"brujni-palm-protirez-b-rukavice","status":"publish","type":"product","link":"https:\/\/gajos.sk\/eshop\/p\/brujni-palm-protirez-b-rukavice\/","title":{"rendered":"BRUJNI Palm proti\u0159ez.B rukavice"},"content":{"rendered":"","protected":false},"excerpt":{"rendered":"<p>&#8222;Pleten\u00e9 bez\u0161vov\u00e9 rukavice s m\u00e1\u010dan\u00edm v mikropor\u00e9znom nitrile v dlani s ochranou vo\u010di rezu B.<br \/>\nZosilnenie v oblasti medzi palcom a ukazov\u00e1kom pre dlh\u0161iu \u017eivotnos\u0165 rukavice.<br \/>\nVhodn\u00e9 na manipul\u00e1ciu s ostr\u00fdmi a mastn\u00fdmi dielmi, manipul\u00e1ciu so sklom, opracovanie mastn\u00fdch kovov alebo plechov alebo \u00fadr\u017ebu strojov.<br \/>\nRukavice neobsahuje sklen\u00e9 alebo oce\u013eov\u00e9 vl\u00e1kno a zl\u00fap\u0148uje Oeko-Tex.&#8220;<\/p>\n","protected":false},"featured_media":327707,"template":"","meta":{"_acf_changed":false,"inline_featured_image":false},"product_brand":[],"product_cat":[2138,2137,2124],"product_tag":[1179],"class_list":{"0":"post-327705","1":"product","2":"type-product","3":"status-publish","4":"has-post-thumbnail","6":"product_cat-vrstvene-site-rukavice","7":"product_cat-macane-a-povrstvene","8":"product_cat-rukavice","9":"product_tag-cerva","10":"pa_velkost-3058","11":"pa_velkost-3050","12":"pa_velkost-3051","13":"pa_velkost-3052","14":"pa_velkost-3057","16":"first","17":"instock","18":"taxable","19":"shipping-taxable","20":"purchasable","21":"product-type-variable"},"acf":[],"_links":{"self":[{"href":"https:\/\/gajos.sk\/eshop\/wp-json\/wp\/v2\/product\/327705","targetHints":{"allow":["GET"]}}],"collection":[{"href":"https:\/\/gajos.sk\/eshop\/wp-json\/wp\/v2\/product"}],"about":[{"href":"https:\/\/gajos.sk\/eshop\/wp-json\/wp\/v2\/types\/product"}],"wp:featuredmedia":[{"embeddable":true,"href":"https:\/\/gajos.sk\/eshop\/wp-json\/wp\/v2\/media\/327707"}],"wp:attachment":[{"href":"https:\/\/gajos.sk\/eshop\/wp-json\/wp\/v2\/media?parent=327705"}],"wp:term":[{"taxonomy":"product_brand","embeddable":true,"href":"https:\/\/gajos.sk\/eshop\/wp-json\/wp\/v2\/product_brand?post=327705"},{"taxonomy":"product_cat","embeddable":true,"href":"https:\/\/gajos.sk\/eshop\/wp-json\/wp\/v2\/product_cat?post=327705"},{"taxonomy":"product_tag","embeddable":true,"href":"https:\/\/gajos.sk\/eshop\/wp-json\/wp\/v2\/product_tag?post=327705"}],"curies":[{"name":"wp","href":"https:\/\/api.w.org\/{rel}","templated":true}]}}