{"id":327691,"date":"2024-03-01T18:05:15","date_gmt":"2024-03-01T17:05:15","guid":{"rendered":"https:\/\/gajostest.a2hosted.com\/eshop\/ff-notura-light-protirez-e-rukavice\/"},"modified":"2026-04-17T21:27:29","modified_gmt":"2026-04-17T19:27:29","slug":"ff-notura-light-protirez-e-rukavice","status":"publish","type":"product","link":"https:\/\/gajos.sk\/eshop\/p\/ff-notura-light-protirez-e-rukavice\/","title":{"rendered":"FF NOTURA LIGHT proti\u0159ez. E rukavice"},"content":{"rendered":"","protected":false},"excerpt":{"rendered":"<p>Pleten\u00e9 bez\u0161vov\u00e9 rukavice m\u00e1\u010dan\u00e9 v \u010diernom PU v dlani a prstoch s ochranou vo\u010di prerezaniu E vhodn\u00e9 pre manipul\u00e1ciu s ostr\u00fdmi dielmi, manipul\u00e1cie so sklom alebo opracovaniu kovov a plechov.<\/p>\n","protected":false},"featured_media":327693,"template":"","meta":{"_acf_changed":false,"inline_featured_image":false},"product_brand":[],"product_cat":[2138,2137,2124],"product_tag":[1228],"class_list":{"0":"post-327691","1":"product","2":"type-product","3":"status-publish","4":"has-post-thumbnail","6":"product_cat-vrstvene-site-rukavice","7":"product_cat-macane-a-povrstvene","8":"product_cat-rukavice","9":"product_tag-fridrich-fridrich","10":"pa_velkost-3058","11":"pa_velkost-3050","12":"pa_velkost-3051","13":"pa_velkost-3052","14":"pa_velkost-3057","16":"first","17":"instock","18":"taxable","19":"shipping-taxable","20":"purchasable","21":"product-type-variable"},"acf":[],"_links":{"self":[{"href":"https:\/\/gajos.sk\/eshop\/wp-json\/wp\/v2\/product\/327691","targetHints":{"allow":["GET"]}}],"collection":[{"href":"https:\/\/gajos.sk\/eshop\/wp-json\/wp\/v2\/product"}],"about":[{"href":"https:\/\/gajos.sk\/eshop\/wp-json\/wp\/v2\/types\/product"}],"wp:featuredmedia":[{"embeddable":true,"href":"https:\/\/gajos.sk\/eshop\/wp-json\/wp\/v2\/media\/327693"}],"wp:attachment":[{"href":"https:\/\/gajos.sk\/eshop\/wp-json\/wp\/v2\/media?parent=327691"}],"wp:term":[{"taxonomy":"product_brand","embeddable":true,"href":"https:\/\/gajos.sk\/eshop\/wp-json\/wp\/v2\/product_brand?post=327691"},{"taxonomy":"product_cat","embeddable":true,"href":"https:\/\/gajos.sk\/eshop\/wp-json\/wp\/v2\/product_cat?post=327691"},{"taxonomy":"product_tag","embeddable":true,"href":"https:\/\/gajos.sk\/eshop\/wp-json\/wp\/v2\/product_tag?post=327691"}],"curies":[{"name":"wp","href":"https:\/\/api.w.org\/{rel}","templated":true}]}}