{"id":327684,"date":"2024-03-01T18:05:11","date_gmt":"2024-03-01T17:05:11","guid":{"rendered":"https:\/\/gajostest.a2hosted.com\/eshop\/slaty-protirez-d-rukavice\/"},"modified":"2026-04-25T21:08:45","modified_gmt":"2026-04-25T19:08:45","slug":"slaty-protirez-d-rukavice","status":"publish","type":"product","link":"https:\/\/gajos.sk\/eshop\/p\/slaty-protirez-d-rukavice\/","title":{"rendered":"SLATY proti\u0159ez. D rukavice"},"content":{"rendered":"","protected":false},"excerpt":{"rendered":"<p>Pleten\u00e9 bez\u0161vov\u00e9 rukavice z jemn\u00e9ho 18GG \u00fapletu s vrstvou bieleho PU v dlani a prstoch s ochranou vo\u010di rezu D. Rukavice sp\u013a\u0148a Oeko-Tex a je mo\u017en\u00e9 v nich ovl\u00e1da\u0165 dotykov\u00e9 obrazovky.<\/p>\n","protected":false},"featured_media":327686,"template":"","meta":{"_acf_changed":false,"inline_featured_image":false},"product_brand":[],"product_cat":[2138,2137,2124],"product_tag":[1179],"class_list":{"0":"post-327684","1":"product","2":"type-product","3":"status-publish","4":"has-post-thumbnail","6":"product_cat-vrstvene-site-rukavice","7":"product_cat-macane-a-povrstvene","8":"product_cat-rukavice","9":"product_tag-cerva","10":"pa_velkost-3050","11":"pa_velkost-3051","12":"pa_velkost-3052","13":"pa_velkost-3057","14":"pa_velkost-3058","16":"first","17":"instock","18":"taxable","19":"shipping-taxable","20":"purchasable","21":"product-type-variable"},"acf":[],"_links":{"self":[{"href":"https:\/\/gajos.sk\/eshop\/wp-json\/wp\/v2\/product\/327684","targetHints":{"allow":["GET"]}}],"collection":[{"href":"https:\/\/gajos.sk\/eshop\/wp-json\/wp\/v2\/product"}],"about":[{"href":"https:\/\/gajos.sk\/eshop\/wp-json\/wp\/v2\/types\/product"}],"wp:featuredmedia":[{"embeddable":true,"href":"https:\/\/gajos.sk\/eshop\/wp-json\/wp\/v2\/media\/327686"}],"wp:attachment":[{"href":"https:\/\/gajos.sk\/eshop\/wp-json\/wp\/v2\/media?parent=327684"}],"wp:term":[{"taxonomy":"product_brand","embeddable":true,"href":"https:\/\/gajos.sk\/eshop\/wp-json\/wp\/v2\/product_brand?post=327684"},{"taxonomy":"product_cat","embeddable":true,"href":"https:\/\/gajos.sk\/eshop\/wp-json\/wp\/v2\/product_cat?post=327684"},{"taxonomy":"product_tag","embeddable":true,"href":"https:\/\/gajos.sk\/eshop\/wp-json\/wp\/v2\/product_tag?post=327684"}],"curies":[{"name":"wp","href":"https:\/\/api.w.org\/{rel}","templated":true}]}}