{"id":327668,"date":"2024-03-01T18:03:59","date_gmt":"2024-03-01T17:03:59","guid":{"rendered":"https:\/\/gajostest.a2hosted.com\/eshop\/tb-700nafp-touch-rukavice\/"},"modified":"2026-04-25T21:08:44","modified_gmt":"2026-04-25T19:08:44","slug":"tb-700nafp-touch-rukavice","status":"publish","type":"product","link":"https:\/\/gajos.sk\/eshop\/p\/tb-700nafp-touch-rukavice\/","title":{"rendered":"TB 700NaFP TOUCH rukavice"},"content":{"rendered":"","protected":false},"excerpt":{"rendered":"<p>Rukavice z oran\u017eov\u00e9ho beze\u0161v\u00e9ho polyesteru.<br \/>\n\u010cern\u00e1 p\u011bnov\u00e1 nitrilov\u00e1 vrstva na dlani.<\/p>\n<p>Prody\u0161n\u00e1 NBR p\u011bna, skv\u011bl\u00e1 odolnost a p\u0159ilnavost. S podobnou drsnost\u00ed jako polyuretanov\u00e9 povlaky n\u00e1m poskytuje dvojn\u00e1sobnou v\u00fddr\u017e. Nitrilov\u00e1 p\u011bna umo\u017e\u0148uje prody\u0161nost a udr\u017euje ruku v suchu.<br \/>\nO\u0161et\u0159en\u00ed nitrilu pro minimalizaci z\u00e1pachu NBR p\u0159i kontaktu s pocen\u00edm.<br \/>\nPolyesterov\u00e9 oran\u017eov\u00e9 syntetick\u00e9 vl\u00e1kno s vysokou odolnost\u00ed proti od\u011bru a roztr\u017een\u00ed.<br \/>\nTouchscreen usnad\u0148uj\u00ed pr\u00e1ci s jak\u00fdmkoli elektronick\u00fdm za\u0159\u00edzen\u00edm.<\/p>\n","protected":false},"featured_media":327670,"template":"","meta":{"_acf_changed":false,"inline_featured_image":false},"product_brand":[],"product_cat":[2138,2137,2124],"product_tag":[1253],"class_list":{"0":"post-327668","1":"product","2":"type-product","3":"status-publish","4":"has-post-thumbnail","6":"product_cat-vrstvene-site-rukavice","7":"product_cat-macane-a-povrstvene","8":"product_cat-rukavice","9":"product_tag-tomas-bodero","10":"pa_velkost-3057","11":"pa_velkost-3058","12":"pa_velkost-3062","13":"pa_velkost-3050","14":"pa_velkost-3051","15":"pa_velkost-3052","17":"first","18":"instock","19":"taxable","20":"shipping-taxable","21":"product-type-variable"},"acf":[],"_links":{"self":[{"href":"https:\/\/gajos.sk\/eshop\/wp-json\/wp\/v2\/product\/327668","targetHints":{"allow":["GET"]}}],"collection":[{"href":"https:\/\/gajos.sk\/eshop\/wp-json\/wp\/v2\/product"}],"about":[{"href":"https:\/\/gajos.sk\/eshop\/wp-json\/wp\/v2\/types\/product"}],"wp:featuredmedia":[{"embeddable":true,"href":"https:\/\/gajos.sk\/eshop\/wp-json\/wp\/v2\/media\/327670"}],"wp:attachment":[{"href":"https:\/\/gajos.sk\/eshop\/wp-json\/wp\/v2\/media?parent=327668"}],"wp:term":[{"taxonomy":"product_brand","embeddable":true,"href":"https:\/\/gajos.sk\/eshop\/wp-json\/wp\/v2\/product_brand?post=327668"},{"taxonomy":"product_cat","embeddable":true,"href":"https:\/\/gajos.sk\/eshop\/wp-json\/wp\/v2\/product_cat?post=327668"},{"taxonomy":"product_tag","embeddable":true,"href":"https:\/\/gajos.sk\/eshop\/wp-json\/wp\/v2\/product_tag?post=327668"}],"curies":[{"name":"wp","href":"https:\/\/api.w.org\/{rel}","templated":true}]}}