{"id":327661,"date":"2024-03-01T18:03:54","date_gmt":"2024-03-01T17:03:54","guid":{"rendered":"https:\/\/gajostest.a2hosted.com\/eshop\/tb-765ng-touch-rukavice\/"},"modified":"2026-04-25T21:08:44","modified_gmt":"2026-04-25T19:08:44","slug":"tb-765ng-touch-rukavice","status":"publish","type":"product","link":"https:\/\/gajos.sk\/eshop\/p\/tb-765ng-touch-rukavice\/","title":{"rendered":"TB 765NG TOUCH rukavice"},"content":{"rendered":"","protected":false},"excerpt":{"rendered":"<p>Rukavice z \u010dern\u00e9ho polyesterov\u00e9ho \u00fapletu.<br \/>\nM\u00e1\u010den\u00e9 v modr\u00e9ho nitrilu.<br \/>\n\u010cern\u00e1 mikrop\u011bnov\u00e1 nitrilov\u00e1 vrstva na dlani.<\/p>\n","protected":false},"featured_media":327663,"template":"","meta":{"_acf_changed":false,"inline_featured_image":false},"product_brand":[],"product_cat":[2138,2137,2124],"product_tag":[1253],"class_list":{"0":"post-327661","1":"product","2":"type-product","3":"status-publish","4":"has-post-thumbnail","6":"product_cat-vrstvene-site-rukavice","7":"product_cat-macane-a-povrstvene","8":"product_cat-rukavice","9":"product_tag-tomas-bodero","10":"pa_velkost-3050","11":"pa_velkost-3051","12":"pa_velkost-3052","13":"pa_velkost-3057","14":"pa_velkost-3058","16":"first","17":"instock","18":"taxable","19":"shipping-taxable","20":"purchasable","21":"product-type-variable"},"acf":[],"_links":{"self":[{"href":"https:\/\/gajos.sk\/eshop\/wp-json\/wp\/v2\/product\/327661","targetHints":{"allow":["GET"]}}],"collection":[{"href":"https:\/\/gajos.sk\/eshop\/wp-json\/wp\/v2\/product"}],"about":[{"href":"https:\/\/gajos.sk\/eshop\/wp-json\/wp\/v2\/types\/product"}],"wp:featuredmedia":[{"embeddable":true,"href":"https:\/\/gajos.sk\/eshop\/wp-json\/wp\/v2\/media\/327663"}],"wp:attachment":[{"href":"https:\/\/gajos.sk\/eshop\/wp-json\/wp\/v2\/media?parent=327661"}],"wp:term":[{"taxonomy":"product_brand","embeddable":true,"href":"https:\/\/gajos.sk\/eshop\/wp-json\/wp\/v2\/product_brand?post=327661"},{"taxonomy":"product_cat","embeddable":true,"href":"https:\/\/gajos.sk\/eshop\/wp-json\/wp\/v2\/product_cat?post=327661"},{"taxonomy":"product_tag","embeddable":true,"href":"https:\/\/gajos.sk\/eshop\/wp-json\/wp\/v2\/product_tag?post=327661"}],"curies":[{"name":"wp","href":"https:\/\/api.w.org\/{rel}","templated":true}]}}